{"id":1990,"date":"2022-12-05T17:30:38","date_gmt":"2022-12-05T14:30:38","guid":{"rendered":"https:\/\/kidswall.com.tr\/?post_type=product&#038;p=1990"},"modified":"2024-02-19T11:46:36","modified_gmt":"2024-02-19T08:46:36","slug":"kw-102-2","status":"publish","type":"product","link":"https:\/\/kidswall.com.tr\/en\/product\/kw-102-2\/","title":{"rendered":"KWM-104 <br> <b> In Procurement <b>"},"content":{"rendered":"<p>Kidswall offers many features to prevent children's technology and internet addiction. These;<\/p>\n<ul>\n<li>Device Management<\/li>\n<li>Firewall<\/li>\n<li>Port Forwarding<\/li>\n<li>Web Filtering<\/li>\n<li>Time Limits<\/li>\n<li>Focus Time<\/li>\n<li>Pause<\/li>\n<li>Bedtime<\/li>\n<li>Speed Limits<\/li>\n<li>History<\/li>\n<\/ul>","protected":false},"excerpt":{"rendered":"<p>Kidswall Parental Control<\/p>","protected":false},"featured_media":2347,"comment_status":"open","ping_status":"closed","template":"","meta":{"ocean_post_layout":"","ocean_both_sidebars_style":"","ocean_both_sidebars_content_width":0,"ocean_both_sidebars_sidebars_width":0,"ocean_sidebar":"0","ocean_second_sidebar":"0","ocean_disable_margins":"enable","ocean_add_body_class":"","ocean_shortcode_before_top_bar":"","ocean_shortcode_after_top_bar":"","ocean_shortcode_before_header":"","ocean_shortcode_after_header":"","ocean_has_shortcode":"","ocean_shortcode_after_title":"","ocean_shortcode_before_footer_widgets":"","ocean_shortcode_after_footer_widgets":"","ocean_shortcode_before_footer_bottom":"","ocean_shortcode_after_footer_bottom":"","ocean_display_top_bar":"default","ocean_display_header":"default","ocean_header_style":"","ocean_center_header_left_menu":"0","ocean_custom_header_template":"0","ocean_custom_logo":0,"ocean_custom_retina_logo":0,"ocean_custom_logo_max_width":0,"ocean_custom_logo_tablet_max_width":0,"ocean_custom_logo_mobile_max_width":0,"ocean_custom_logo_max_height":0,"ocean_custom_logo_tablet_max_height":0,"ocean_custom_logo_mobile_max_height":0,"ocean_header_custom_menu":"0","ocean_menu_typo_font_family":"0","ocean_menu_typo_font_subset":"","ocean_menu_typo_font_size":0,"ocean_menu_typo_font_size_tablet":0,"ocean_menu_typo_font_size_mobile":0,"ocean_menu_typo_font_size_unit":"px","ocean_menu_typo_font_weight":"","ocean_menu_typo_font_weight_tablet":"","ocean_menu_typo_font_weight_mobile":"","ocean_menu_typo_transform":"","ocean_menu_typo_transform_tablet":"","ocean_menu_typo_transform_mobile":"","ocean_menu_typo_line_height":0,"ocean_menu_typo_line_height_tablet":0,"ocean_menu_typo_line_height_mobile":0,"ocean_menu_typo_line_height_unit":"","ocean_menu_typo_spacing":0,"ocean_menu_typo_spacing_tablet":0,"ocean_menu_typo_spacing_mobile":0,"ocean_menu_typo_spacing_unit":"","ocean_menu_link_color":"","ocean_menu_link_color_hover":"","ocean_menu_link_color_active":"","ocean_menu_link_background":"","ocean_menu_link_hover_background":"","ocean_menu_link_active_background":"","ocean_menu_social_links_bg":"","ocean_menu_social_hover_links_bg":"","ocean_menu_social_links_color":"","ocean_menu_social_hover_links_color":"","ocean_disable_title":"default","ocean_disable_heading":"default","ocean_post_title":"","ocean_post_subheading":"","ocean_post_title_style":"","ocean_post_title_background_color":"","ocean_post_title_background":0,"ocean_post_title_bg_image_position":"","ocean_post_title_bg_image_attachment":"","ocean_post_title_bg_image_repeat":"","ocean_post_title_bg_image_size":"","ocean_post_title_height":0,"ocean_post_title_bg_overlay":0.5,"ocean_post_title_bg_overlay_color":"","ocean_disable_breadcrumbs":"default","ocean_breadcrumbs_color":"","ocean_breadcrumbs_separator_color":"","ocean_breadcrumbs_links_color":"","ocean_breadcrumbs_links_hover_color":"","ocean_display_footer_widgets":"default","ocean_display_footer_bottom":"default","ocean_custom_footer_template":"0","_themeisle_gutenberg_block_has_review":false},"product_brand":[],"product_cat":[34],"product_tag":[],"class_list":{"0":"post-1990","1":"product","2":"type-product","3":"status-publish","4":"has-post-thumbnail","6":"product_cat-genel","8":"entry","9":"has-media","11":"first","12":"instock","13":"shipping-taxable","14":"product-type-simple","15":"col","16":"span_1_of_5","17":"owp-content-center","18":"owp-thumbs-layout-horizontal","19":"owp-btn-normal","20":"owp-tabs-layout-horizontal"},"yoast_head":"<!-- This site is optimized with the Yoast SEO plugin v27.4 - https:\/\/yoast.com\/product\/yoast-seo-wordpress\/ -->\n<title>KWM-104   Tedarik A\u015famas\u0131nda  - Kidswall<\/title>\n<meta name=\"description\" content=\"Kidswall ebeveyn kontr\u00fcl\u00fc ile \u00e7ocuklar\u0131n teknoloji ve internet ba\u011f\u0131ml\u0131l\u0131\u011f\u0131n\u0131n \u00f6n\u00fcne ge\u00e7mek art\u0131k \u00e7ok kolay !\" \/>\n<meta name=\"robots\" content=\"index, follow, max-snippet:-1, max-image-preview:large, max-video-preview:-1\" \/>\n<link rel=\"canonical\" href=\"https:\/\/kidswall.com.tr\/en\/product\/kw-102-2\/\" \/>\n<meta property=\"og:locale\" content=\"en_US\" \/>\n<meta property=\"og:type\" content=\"article\" \/>\n<meta property=\"og:title\" content=\"KWM-104   Tedarik A\u015famas\u0131nda  - Kidswall\" \/>\n<meta property=\"og:description\" content=\"Kidswall ebeveyn kontr\u00fcl\u00fc ile \u00e7ocuklar\u0131n teknoloji ve internet ba\u011f\u0131ml\u0131l\u0131\u011f\u0131n\u0131n \u00f6n\u00fcne ge\u00e7mek art\u0131k \u00e7ok kolay !\" \/>\n<meta property=\"og:url\" content=\"https:\/\/kidswall.com.tr\/en\/product\/kw-102-2\/\" \/>\n<meta property=\"og:site_name\" content=\"Kidswall\" \/>\n<meta property=\"article:modified_time\" content=\"2024-02-19T08:46:36+00:00\" \/>\n<meta property=\"og:image\" content=\"https:\/\/kidswall.com.tr\/wp-content\/uploads\/2022\/12\/1.png\" \/>\n\t<meta property=\"og:image:width\" content=\"1080\" \/>\n\t<meta property=\"og:image:height\" content=\"1080\" \/>\n\t<meta property=\"og:image:type\" content=\"image\/png\" \/>\n<meta name=\"twitter:card\" content=\"summary_large_image\" \/>\n<meta name=\"twitter:label1\" content=\"Est. reading time\" \/>\n\t<meta name=\"twitter:data1\" content=\"1 minute\" \/>\n<script type=\"application\/ld+json\" class=\"yoast-schema-graph\">{\"@context\":\"https:\\\/\\\/schema.org\",\"@graph\":[{\"@type\":\"WebPage\",\"@id\":\"https:\\\/\\\/kidswall.com.tr\\\/urun\\\/kw-102-2\\\/\",\"url\":\"https:\\\/\\\/kidswall.com.tr\\\/urun\\\/kw-102-2\\\/\",\"name\":\"KWM-104 Tedarik A\u015famas\u0131nda - Kidswall\",\"isPartOf\":{\"@id\":\"https:\\\/\\\/kidswall.com.tr\\\/#website\"},\"primaryImageOfPage\":{\"@id\":\"https:\\\/\\\/kidswall.com.tr\\\/urun\\\/kw-102-2\\\/#primaryimage\"},\"image\":{\"@id\":\"https:\\\/\\\/kidswall.com.tr\\\/urun\\\/kw-102-2\\\/#primaryimage\"},\"thumbnailUrl\":\"https:\\\/\\\/kidswall.com.tr\\\/wp-content\\\/uploads\\\/2022\\\/12\\\/1.png\",\"datePublished\":\"2022-12-05T14:30:38+00:00\",\"dateModified\":\"2024-02-19T08:46:36+00:00\",\"description\":\"Kidswall ebeveyn kontr\u00fcl\u00fc ile \u00e7ocuklar\u0131n teknoloji ve internet ba\u011f\u0131ml\u0131l\u0131\u011f\u0131n\u0131n \u00f6n\u00fcne ge\u00e7mek art\u0131k \u00e7ok kolay !\",\"breadcrumb\":{\"@id\":\"https:\\\/\\\/kidswall.com.tr\\\/urun\\\/kw-102-2\\\/#breadcrumb\"},\"inLanguage\":\"en-US\",\"potentialAction\":[{\"@type\":\"ReadAction\",\"target\":[\"https:\\\/\\\/kidswall.com.tr\\\/urun\\\/kw-102-2\\\/\"]}]},{\"@type\":\"ImageObject\",\"inLanguage\":\"en-US\",\"@id\":\"https:\\\/\\\/kidswall.com.tr\\\/urun\\\/kw-102-2\\\/#primaryimage\",\"url\":\"https:\\\/\\\/kidswall.com.tr\\\/wp-content\\\/uploads\\\/2022\\\/12\\\/1.png\",\"contentUrl\":\"https:\\\/\\\/kidswall.com.tr\\\/wp-content\\\/uploads\\\/2022\\\/12\\\/1.png\",\"width\":1080,\"height\":1080},{\"@type\":\"BreadcrumbList\",\"@id\":\"https:\\\/\\\/kidswall.com.tr\\\/urun\\\/kw-102-2\\\/#breadcrumb\",\"itemListElement\":[{\"@type\":\"ListItem\",\"position\":1,\"name\":\"Anasayfa\",\"item\":\"https:\\\/\\\/kidswall.com.tr\\\/\"},{\"@type\":\"ListItem\",\"position\":2,\"name\":\"Ma\u011faza\",\"item\":\"https:\\\/\\\/kidswall.com.tr\\\/magaza\\\/\"},{\"@type\":\"ListItem\",\"position\":3,\"name\":\"KWM-104 Tedarik A\u015famas\u0131nda\"}]},{\"@type\":\"WebSite\",\"@id\":\"https:\\\/\\\/kidswall.com.tr\\\/#website\",\"url\":\"https:\\\/\\\/kidswall.com.tr\\\/\",\"name\":\"Kidswall\",\"description\":\"G&uuml;vensiz D&uuml;nyada G&uuml;vende Kal\",\"publisher\":{\"@id\":\"https:\\\/\\\/kidswall.com.tr\\\/#organization\"},\"potentialAction\":[{\"@type\":\"SearchAction\",\"target\":{\"@type\":\"EntryPoint\",\"urlTemplate\":\"https:\\\/\\\/kidswall.com.tr\\\/?s={search_term_string}\"},\"query-input\":{\"@type\":\"PropertyValueSpecification\",\"valueRequired\":true,\"valueName\":\"search_term_string\"}}],\"inLanguage\":\"en-US\"},{\"@type\":\"Organization\",\"@id\":\"https:\\\/\\\/kidswall.com.tr\\\/#organization\",\"name\":\"Kidswall\",\"url\":\"https:\\\/\\\/kidswall.com.tr\\\/\",\"logo\":{\"@type\":\"ImageObject\",\"inLanguage\":\"en-US\",\"@id\":\"https:\\\/\\\/kidswall.com.tr\\\/#\\\/schema\\\/logo\\\/image\\\/\",\"url\":\"https:\\\/\\\/kidswall.com.tr\\\/wp-content\\\/uploads\\\/2021\\\/10\\\/kidswall.png\",\"contentUrl\":\"https:\\\/\\\/kidswall.com.tr\\\/wp-content\\\/uploads\\\/2021\\\/10\\\/kidswall.png\",\"width\":713,\"height\":156,\"caption\":\"Kidswall\"},\"image\":{\"@id\":\"https:\\\/\\\/kidswall.com.tr\\\/#\\\/schema\\\/logo\\\/image\\\/\"}}]}<\/script>\n<!-- \/ Yoast SEO plugin. -->","yoast_head_json":{"title":"KWM-104   Tedarik A\u015famas\u0131nda  - Kidswall","description":"Kidswall ebeveyn kontr\u00fcl\u00fc ile \u00e7ocuklar\u0131n teknoloji ve internet ba\u011f\u0131ml\u0131l\u0131\u011f\u0131n\u0131n \u00f6n\u00fcne ge\u00e7mek art\u0131k \u00e7ok kolay !","robots":{"index":"index","follow":"follow","max-snippet":"max-snippet:-1","max-image-preview":"max-image-preview:large","max-video-preview":"max-video-preview:-1"},"canonical":"https:\/\/kidswall.com.tr\/en\/product\/kw-102-2\/","og_locale":"en_US","og_type":"article","og_title":"KWM-104   Tedarik A\u015famas\u0131nda  - Kidswall","og_description":"Kidswall ebeveyn kontr\u00fcl\u00fc ile \u00e7ocuklar\u0131n teknoloji ve internet ba\u011f\u0131ml\u0131l\u0131\u011f\u0131n\u0131n \u00f6n\u00fcne ge\u00e7mek art\u0131k \u00e7ok kolay !","og_url":"https:\/\/kidswall.com.tr\/en\/product\/kw-102-2\/","og_site_name":"Kidswall","article_modified_time":"2024-02-19T08:46:36+00:00","og_image":[{"width":1080,"height":1080,"url":"https:\/\/kidswall.com.tr\/wp-content\/uploads\/2022\/12\/1.png","type":"image\/png"}],"twitter_card":"summary_large_image","twitter_misc":{"Est. reading time":"1 minute"},"schema":{"@context":"https:\/\/schema.org","@graph":[{"@type":"WebPage","@id":"https:\/\/kidswall.com.tr\/urun\/kw-102-2\/","url":"https:\/\/kidswall.com.tr\/urun\/kw-102-2\/","name":"KWM-104 Tedarik A\u015famas\u0131nda - Kidswall","isPartOf":{"@id":"https:\/\/kidswall.com.tr\/#website"},"primaryImageOfPage":{"@id":"https:\/\/kidswall.com.tr\/urun\/kw-102-2\/#primaryimage"},"image":{"@id":"https:\/\/kidswall.com.tr\/urun\/kw-102-2\/#primaryimage"},"thumbnailUrl":"https:\/\/kidswall.com.tr\/wp-content\/uploads\/2022\/12\/1.png","datePublished":"2022-12-05T14:30:38+00:00","dateModified":"2024-02-19T08:46:36+00:00","description":"Kidswall ebeveyn kontr\u00fcl\u00fc ile \u00e7ocuklar\u0131n teknoloji ve internet ba\u011f\u0131ml\u0131l\u0131\u011f\u0131n\u0131n \u00f6n\u00fcne ge\u00e7mek art\u0131k \u00e7ok kolay !","breadcrumb":{"@id":"https:\/\/kidswall.com.tr\/urun\/kw-102-2\/#breadcrumb"},"inLanguage":"en-US","potentialAction":[{"@type":"ReadAction","target":["https:\/\/kidswall.com.tr\/urun\/kw-102-2\/"]}]},{"@type":"ImageObject","inLanguage":"en-US","@id":"https:\/\/kidswall.com.tr\/urun\/kw-102-2\/#primaryimage","url":"https:\/\/kidswall.com.tr\/wp-content\/uploads\/2022\/12\/1.png","contentUrl":"https:\/\/kidswall.com.tr\/wp-content\/uploads\/2022\/12\/1.png","width":1080,"height":1080},{"@type":"BreadcrumbList","@id":"https:\/\/kidswall.com.tr\/urun\/kw-102-2\/#breadcrumb","itemListElement":[{"@type":"ListItem","position":1,"name":"Anasayfa","item":"https:\/\/kidswall.com.tr\/"},{"@type":"ListItem","position":2,"name":"Ma\u011faza","item":"https:\/\/kidswall.com.tr\/magaza\/"},{"@type":"ListItem","position":3,"name":"KWM-104 Tedarik A\u015famas\u0131nda"}]},{"@type":"WebSite","@id":"https:\/\/kidswall.com.tr\/#website","url":"https:\/\/kidswall.com.tr\/","name":"Kidswall","description":"G&uuml;vensiz D&uuml;nyada G&uuml;vende Kal","publisher":{"@id":"https:\/\/kidswall.com.tr\/#organization"},"potentialAction":[{"@type":"SearchAction","target":{"@type":"EntryPoint","urlTemplate":"https:\/\/kidswall.com.tr\/?s={search_term_string}"},"query-input":{"@type":"PropertyValueSpecification","valueRequired":true,"valueName":"search_term_string"}}],"inLanguage":"en-US"},{"@type":"Organization","@id":"https:\/\/kidswall.com.tr\/#organization","name":"Kidswall","url":"https:\/\/kidswall.com.tr\/","logo":{"@type":"ImageObject","inLanguage":"en-US","@id":"https:\/\/kidswall.com.tr\/#\/schema\/logo\/image\/","url":"https:\/\/kidswall.com.tr\/wp-content\/uploads\/2021\/10\/kidswall.png","contentUrl":"https:\/\/kidswall.com.tr\/wp-content\/uploads\/2021\/10\/kidswall.png","width":713,"height":156,"caption":"Kidswall"},"image":{"@id":"https:\/\/kidswall.com.tr\/#\/schema\/logo\/image\/"}}]}},"_links":{"self":[{"href":"https:\/\/kidswall.com.tr\/en\/wp-json\/wp\/v2\/product\/1990","targetHints":{"allow":["GET"]}}],"collection":[{"href":"https:\/\/kidswall.com.tr\/en\/wp-json\/wp\/v2\/product"}],"about":[{"href":"https:\/\/kidswall.com.tr\/en\/wp-json\/wp\/v2\/types\/product"}],"replies":[{"embeddable":true,"href":"https:\/\/kidswall.com.tr\/en\/wp-json\/wp\/v2\/comments?post=1990"}],"wp:featuredmedia":[{"embeddable":true,"href":"https:\/\/kidswall.com.tr\/en\/wp-json\/wp\/v2\/media\/2347"}],"wp:attachment":[{"href":"https:\/\/kidswall.com.tr\/en\/wp-json\/wp\/v2\/media?parent=1990"}],"wp:term":[{"taxonomy":"product_brand","embeddable":true,"href":"https:\/\/kidswall.com.tr\/en\/wp-json\/wp\/v2\/product_brand?post=1990"},{"taxonomy":"product_cat","embeddable":true,"href":"https:\/\/kidswall.com.tr\/en\/wp-json\/wp\/v2\/product_cat?post=1990"},{"taxonomy":"product_tag","embeddable":true,"href":"https:\/\/kidswall.com.tr\/en\/wp-json\/wp\/v2\/product_tag?post=1990"}],"curies":[{"name":"wp","href":"https:\/\/api.w.org\/{rel}","templated":true}]}}