{"id":2168,"date":"2023-05-10T14:19:43","date_gmt":"2023-05-10T11:19:43","guid":{"rendered":"https:\/\/kidswall.com.tr\/?page_id=2168"},"modified":"2023-12-21T11:59:23","modified_gmt":"2023-12-21T08:59:23","slug":"belgelerimiz","status":"publish","type":"page","link":"https:\/\/kidswall.com.tr\/en\/belgelerimiz\/","title":{"rendered":"Documents"},"content":{"rendered":"<div data-elementor-type=\"wp-page\" data-elementor-id=\"2168\" class=\"elementor elementor-2168\">\n\t\t\t\t\t\t<section class=\"elementor-section elementor-top-section elementor-element elementor-element-a9a291c elementor-section-boxed elementor-section-height-default elementor-section-height-default\" data-id=\"a9a291c\" data-element_type=\"section\" data-e-type=\"section\">\n\t\t\t\t\t\t<div class=\"elementor-container elementor-column-gap-default\">\n\t\t\t\t\t<div class=\"elementor-column elementor-col-100 elementor-top-column elementor-element elementor-element-b3c1cbe\" data-id=\"b3c1cbe\" data-element_type=\"column\" data-e-type=\"column\">\n\t\t\t<div class=\"elementor-widget-wrap elementor-element-populated\">\n\t\t\t\t\t\t<div class=\"elementor-element elementor-element-1289f87 elementor-widget elementor-widget-heading\" data-id=\"1289f87\" data-element_type=\"widget\" data-e-type=\"widget\" data-widget_type=\"heading.default\">\n\t\t\t\t<div class=\"elementor-widget-container\">\n\t\t\t\t\t<h1 class=\"elementor-heading-title elementor-size-large\">DOCUMENTS<\/h1>\t\t\t\t<\/div>\n\t\t\t\t<\/div>\n\t\t\t\t<div class=\"elementor-element elementor-element-fd5a7b2 elementor-widget elementor-widget-spacer\" data-id=\"fd5a7b2\" data-element_type=\"widget\" data-e-type=\"widget\" data-widget_type=\"spacer.default\">\n\t\t\t\t<div class=\"elementor-widget-container\">\n\t\t\t\t\t\t\t<div class=\"elementor-spacer\">\n\t\t\t<div class=\"elementor-spacer-inner\"><\/div>\n\t\t<\/div>\n\t\t\t\t\t\t<\/div>\n\t\t\t\t<\/div>\n\t\t\t\t<section class=\"elementor-section elementor-inner-section elementor-element elementor-element-fb0095f elementor-section-boxed elementor-section-height-default elementor-section-height-default\" data-id=\"fb0095f\" data-element_type=\"section\" data-e-type=\"section\">\n\t\t\t\t\t\t<div class=\"elementor-container elementor-column-gap-default\">\n\t\t\t\t\t<div class=\"elementor-column elementor-col-33 elementor-inner-column elementor-element elementor-element-5c4a3e2\" data-id=\"5c4a3e2\" data-element_type=\"column\" data-e-type=\"column\">\n\t\t\t<div class=\"elementor-widget-wrap elementor-element-populated\">\n\t\t\t\t\t\t<div class=\"elementor-element elementor-element-f47b257 elementor-widget elementor-widget-image\" data-id=\"f47b257\" data-element_type=\"widget\" data-e-type=\"widget\" data-widget_type=\"image.default\">\n\t\t\t\t<div class=\"elementor-widget-container\">\n\t\t\t\t\t\t\t\t\t\t\t\t\t\t\t<img fetchpriority=\"high\" decoding=\"async\" width=\"718\" height=\"1024\" src=\"https:\/\/kidswall.com.tr\/wp-content\/uploads\/2023\/05\/kidswall-yerli-mali-belgesi-718x1024.png\" class=\"attachment-large size-large wp-image-2179\" alt=\"Kidswall Yerli Mal\u0131 Belgesi\" srcset=\"https:\/\/kidswall.com.tr\/wp-content\/uploads\/2023\/05\/kidswall-yerli-mali-belgesi-718x1024.png 718w, https:\/\/kidswall.com.tr\/wp-content\/uploads\/2023\/05\/kidswall-yerli-mali-belgesi-210x300.png 210w, https:\/\/kidswall.com.tr\/wp-content\/uploads\/2023\/05\/kidswall-yerli-mali-belgesi-768x1095.png 768w, https:\/\/kidswall.com.tr\/wp-content\/uploads\/2023\/05\/kidswall-yerli-mali-belgesi-1078x1536.png 1078w, https:\/\/kidswall.com.tr\/wp-content\/uploads\/2023\/05\/kidswall-yerli-mali-belgesi-8x12.png 8w, https:\/\/kidswall.com.tr\/wp-content\/uploads\/2023\/05\/kidswall-yerli-mali-belgesi-300x428.png 300w, https:\/\/kidswall.com.tr\/wp-content\/uploads\/2023\/05\/kidswall-yerli-mali-belgesi.png 1403w\" sizes=\"(max-width: 718px) 100vw, 718px\" \/>\t\t\t\t\t\t\t\t\t\t\t\t\t\t\t<\/div>\n\t\t\t\t<\/div>\n\t\t\t\t\t<\/div>\n\t\t<\/div>\n\t\t\t\t<div class=\"elementor-column elementor-col-33 elementor-inner-column elementor-element elementor-element-972cf45\" data-id=\"972cf45\" data-element_type=\"column\" data-e-type=\"column\">\n\t\t\t<div class=\"elementor-widget-wrap elementor-element-populated\">\n\t\t\t\t\t\t<div class=\"elementor-element elementor-element-e733a4c elementor-widget elementor-widget-image\" data-id=\"e733a4c\" data-element_type=\"widget\" data-e-type=\"widget\" data-widget_type=\"image.default\">\n\t\t\t\t<div class=\"elementor-widget-container\">\n\t\t\t\t\t\t\t\t\t\t\t\t\t\t\t<img decoding=\"async\" width=\"724\" height=\"1024\" src=\"https:\/\/kidswall.com.tr\/wp-content\/uploads\/2023\/05\/bulus-patenti.jpg\" class=\"attachment-large size-large wp-image-2170\" alt=\"Kuantum Bulu\u015f Patenti\" srcset=\"https:\/\/kidswall.com.tr\/wp-content\/uploads\/2023\/05\/bulus-patenti.jpg 724w, https:\/\/kidswall.com.tr\/wp-content\/uploads\/2023\/05\/bulus-patenti-212x300.jpg 212w, https:\/\/kidswall.com.tr\/wp-content\/uploads\/2023\/05\/bulus-patenti-8x12.jpg 8w, https:\/\/kidswall.com.tr\/wp-content\/uploads\/2023\/05\/bulus-patenti-300x424.jpg 300w\" sizes=\"(max-width: 724px) 100vw, 724px\" \/>\t\t\t\t\t\t\t\t\t\t\t\t\t\t\t<\/div>\n\t\t\t\t<\/div>\n\t\t\t\t\t<\/div>\n\t\t<\/div>\n\t\t\t\t<div class=\"elementor-column elementor-col-33 elementor-inner-column elementor-element elementor-element-9927ff8\" data-id=\"9927ff8\" data-element_type=\"column\" data-e-type=\"column\">\n\t\t\t<div class=\"elementor-widget-wrap elementor-element-populated\">\n\t\t\t\t\t\t<div class=\"elementor-element elementor-element-e13f65d elementor-widget elementor-widget-image\" data-id=\"e13f65d\" data-element_type=\"widget\" data-e-type=\"widget\" data-widget_type=\"image.default\">\n\t\t\t\t<div class=\"elementor-widget-container\">\n\t\t\t\t\t\t\t\t\t\t\t\t\t\t\t<img decoding=\"async\" width=\"724\" height=\"1024\" src=\"https:\/\/kidswall.com.tr\/wp-content\/uploads\/2023\/05\/faydali-model-patenti.jpg\" class=\"attachment-large size-large wp-image-2171\" alt=\"Kuantum Faydal\u0131 Model Patenti\" srcset=\"https:\/\/kidswall.com.tr\/wp-content\/uploads\/2023\/05\/faydali-model-patenti.jpg 724w, https:\/\/kidswall.com.tr\/wp-content\/uploads\/2023\/05\/faydali-model-patenti-212x300.jpg 212w, https:\/\/kidswall.com.tr\/wp-content\/uploads\/2023\/05\/faydali-model-patenti-8x12.jpg 8w, https:\/\/kidswall.com.tr\/wp-content\/uploads\/2023\/05\/faydali-model-patenti-300x424.jpg 300w\" sizes=\"(max-width: 724px) 100vw, 724px\" \/>\t\t\t\t\t\t\t\t\t\t\t\t\t\t\t<\/div>\n\t\t\t\t<\/div>\n\t\t\t\t\t<\/div>\n\t\t<\/div>\n\t\t\t\t\t<\/div>\n\t\t<\/section>\n\t\t\t\t\t<\/div>\n\t\t<\/div>\n\t\t\t\t\t<\/div>\n\t\t<\/section>\n\t\t\t\t<section class=\"elementor-section elementor-top-section elementor-element elementor-element-911eb07 elementor-section-boxed elementor-section-height-default elementor-section-height-default\" data-id=\"911eb07\" data-element_type=\"section\" data-e-type=\"section\">\n\t\t\t\t\t\t<div class=\"elementor-container elementor-column-gap-default\">\n\t\t\t\t\t<div class=\"elementor-column elementor-col-33 elementor-top-column elementor-element elementor-element-e7c11ba\" data-id=\"e7c11ba\" data-element_type=\"column\" data-e-type=\"column\">\n\t\t\t<div class=\"elementor-widget-wrap elementor-element-populated\">\n\t\t\t\t\t\t<div class=\"elementor-element elementor-element-1b2af37 elementor-widget elementor-widget-image\" data-id=\"1b2af37\" data-element_type=\"widget\" data-e-type=\"widget\" data-widget_type=\"image.default\">\n\t\t\t\t<div class=\"elementor-widget-container\">\n\t\t\t\t\t\t\t\t\t\t\t\t\t\t\t<img loading=\"lazy\" decoding=\"async\" width=\"718\" height=\"1024\" src=\"https:\/\/kidswall.com.tr\/wp-content\/uploads\/2023\/05\/tasarim-tescil-belgesi.jpg\" class=\"attachment-large size-large wp-image-2172\" alt=\"\" srcset=\"https:\/\/kidswall.com.tr\/wp-content\/uploads\/2023\/05\/tasarim-tescil-belgesi.jpg 718w, https:\/\/kidswall.com.tr\/wp-content\/uploads\/2023\/05\/tasarim-tescil-belgesi-210x300.jpg 210w, https:\/\/kidswall.com.tr\/wp-content\/uploads\/2023\/05\/tasarim-tescil-belgesi-8x12.jpg 8w, https:\/\/kidswall.com.tr\/wp-content\/uploads\/2023\/05\/tasarim-tescil-belgesi-300x428.jpg 300w\" sizes=\"(max-width: 718px) 100vw, 718px\" \/>\t\t\t\t\t\t\t\t\t\t\t\t\t\t\t<\/div>\n\t\t\t\t<\/div>\n\t\t\t\t\t<\/div>\n\t\t<\/div>\n\t\t\t\t<div class=\"elementor-column elementor-col-33 elementor-top-column elementor-element elementor-element-932e988\" data-id=\"932e988\" data-element_type=\"column\" data-e-type=\"column\">\n\t\t\t<div class=\"elementor-widget-wrap elementor-element-populated\">\n\t\t\t\t\t\t<div class=\"elementor-element elementor-element-86e5f44 elementor-widget elementor-widget-image\" data-id=\"86e5f44\" data-element_type=\"widget\" data-e-type=\"widget\" data-widget_type=\"image.default\">\n\t\t\t\t<div class=\"elementor-widget-container\">\n\t\t\t\t\t\t\t\t\t\t\t\t\t\t\t<img loading=\"lazy\" decoding=\"async\" width=\"724\" height=\"1024\" src=\"https:\/\/kidswall.com.tr\/wp-content\/uploads\/2023\/05\/kidswall-marka-tescil-724x1024.png\" class=\"attachment-large size-large wp-image-2226\" alt=\"Kidswall Marka Tescil Belgesi\" srcset=\"https:\/\/kidswall.com.tr\/wp-content\/uploads\/2023\/05\/kidswall-marka-tescil-724x1024.png 724w, https:\/\/kidswall.com.tr\/wp-content\/uploads\/2023\/05\/kidswall-marka-tescil-212x300.png 212w, https:\/\/kidswall.com.tr\/wp-content\/uploads\/2023\/05\/kidswall-marka-tescil-768x1086.png 768w, https:\/\/kidswall.com.tr\/wp-content\/uploads\/2023\/05\/kidswall-marka-tescil-1086x1536.png 1086w, https:\/\/kidswall.com.tr\/wp-content\/uploads\/2023\/05\/kidswall-marka-tescil-8x12.png 8w, https:\/\/kidswall.com.tr\/wp-content\/uploads\/2023\/05\/kidswall-marka-tescil-300x424.png 300w, https:\/\/kidswall.com.tr\/wp-content\/uploads\/2023\/05\/kidswall-marka-tescil.png 1414w\" sizes=\"(max-width: 724px) 100vw, 724px\" \/>\t\t\t\t\t\t\t\t\t\t\t\t\t\t\t<\/div>\n\t\t\t\t<\/div>\n\t\t\t\t\t<\/div>\n\t\t<\/div>\n\t\t\t\t<div class=\"elementor-column elementor-col-33 elementor-top-column elementor-element elementor-element-1c0da60\" data-id=\"1c0da60\" data-element_type=\"column\" data-e-type=\"column\">\n\t\t\t<div class=\"elementor-widget-wrap elementor-element-populated\">\n\t\t\t\t\t\t<div class=\"elementor-element elementor-element-732cfe4 elementor-widget elementor-widget-image\" data-id=\"732cfe4\" data-element_type=\"widget\" data-e-type=\"widget\" data-widget_type=\"image.default\">\n\t\t\t\t<div class=\"elementor-widget-container\">\n\t\t\t\t\t\t\t\t\t\t\t\t\t\t\t<img loading=\"lazy\" decoding=\"async\" width=\"725\" height=\"1024\" src=\"https:\/\/kidswall.com.tr\/wp-content\/uploads\/2023\/05\/sshybelgesi.jpg\" class=\"attachment-large size-large wp-image-2176\" alt=\"Kuantum Sat\u0131\u015f Sonras\u0131 Hizmet Yeterlilik Belgesi\" srcset=\"https:\/\/kidswall.com.tr\/wp-content\/uploads\/2023\/05\/sshybelgesi.jpg 725w, https:\/\/kidswall.com.tr\/wp-content\/uploads\/2023\/05\/sshybelgesi-212x300.jpg 212w, https:\/\/kidswall.com.tr\/wp-content\/uploads\/2023\/05\/sshybelgesi-8x12.jpg 8w, https:\/\/kidswall.com.tr\/wp-content\/uploads\/2023\/05\/sshybelgesi-300x424.jpg 300w\" sizes=\"(max-width: 725px) 100vw, 725px\" \/>\t\t\t\t\t\t\t\t\t\t\t\t\t\t\t<\/div>\n\t\t\t\t<\/div>\n\t\t\t\t\t<\/div>\n\t\t<\/div>\n\t\t\t\t\t<\/div>\n\t\t<\/section>\n\t\t\t\t<section class=\"elementor-section elementor-top-section elementor-element elementor-element-eb19d1f elementor-section-boxed elementor-section-height-default elementor-section-height-default\" data-id=\"eb19d1f\" data-element_type=\"section\" data-e-type=\"section\">\n\t\t\t\t\t\t<div class=\"elementor-container elementor-column-gap-default\">\n\t\t\t\t\t<div class=\"elementor-column elementor-col-50 elementor-top-column elementor-element elementor-element-1758474\" data-id=\"1758474\" data-element_type=\"column\" data-e-type=\"column\">\n\t\t\t<div class=\"elementor-widget-wrap elementor-element-populated\">\n\t\t\t\t\t\t<div class=\"elementor-element elementor-element-efaa3d5 elementor-widget elementor-widget-image\" data-id=\"efaa3d5\" data-element_type=\"widget\" data-e-type=\"widget\" data-widget_type=\"image.default\">\n\t\t\t\t<div class=\"elementor-widget-container\">\n\t\t\t\t\t\t\t\t\t\t\t\t\t\t\t<img loading=\"lazy\" decoding=\"async\" width=\"1024\" height=\"736\" src=\"https:\/\/kidswall.com.tr\/wp-content\/uploads\/2023\/05\/kuantum-sizma-testi-belgesi.jpeg\" class=\"attachment-large size-large wp-image-2181\" alt=\"S\u0131zma Testi Belgesi\" srcset=\"https:\/\/kidswall.com.tr\/wp-content\/uploads\/2023\/05\/kuantum-sizma-testi-belgesi.jpeg 1024w, https:\/\/kidswall.com.tr\/wp-content\/uploads\/2023\/05\/kuantum-sizma-testi-belgesi-300x216.jpeg 300w, https:\/\/kidswall.com.tr\/wp-content\/uploads\/2023\/05\/kuantum-sizma-testi-belgesi-768x552.jpeg 768w, https:\/\/kidswall.com.tr\/wp-content\/uploads\/2023\/05\/kuantum-sizma-testi-belgesi-18x12.jpeg 18w\" sizes=\"(max-width: 1024px) 100vw, 1024px\" \/>\t\t\t\t\t\t\t\t\t\t\t\t\t\t\t<\/div>\n\t\t\t\t<\/div>\n\t\t\t\t\t<\/div>\n\t\t<\/div>\n\t\t\t\t<div class=\"elementor-column elementor-col-50 elementor-top-column elementor-element elementor-element-cbb771c\" data-id=\"cbb771c\" data-element_type=\"column\" data-e-type=\"column\">\n\t\t\t<div class=\"elementor-widget-wrap elementor-element-populated\">\n\t\t\t\t\t\t<div class=\"elementor-element elementor-element-568003a elementor-widget elementor-widget-image\" data-id=\"568003a\" data-element_type=\"widget\" data-e-type=\"widget\" data-widget_type=\"image.default\">\n\t\t\t\t<div class=\"elementor-widget-container\">\n\t\t\t\t\t\t\t\t\t\t\t\t\t\t\t<img loading=\"lazy\" decoding=\"async\" width=\"1024\" height=\"718\" src=\"https:\/\/kidswall.com.tr\/wp-content\/uploads\/2023\/12\/Kidswall-Odul-e1703148993280-1024x718.png\" class=\"attachment-large size-large wp-image-2328\" alt=\"\" srcset=\"https:\/\/kidswall.com.tr\/wp-content\/uploads\/2023\/12\/Kidswall-Odul-e1703148993280-1024x718.png 1024w, https:\/\/kidswall.com.tr\/wp-content\/uploads\/2023\/12\/Kidswall-Odul-e1703148993280-300x210.png 300w, https:\/\/kidswall.com.tr\/wp-content\/uploads\/2023\/12\/Kidswall-Odul-e1703148993280-768x538.png 768w, https:\/\/kidswall.com.tr\/wp-content\/uploads\/2023\/12\/Kidswall-Odul-e1703148993280-1536x1077.png 1536w, https:\/\/kidswall.com.tr\/wp-content\/uploads\/2023\/12\/Kidswall-Odul-e1703148993280-2048x1435.png 2048w, https:\/\/kidswall.com.tr\/wp-content\/uploads\/2023\/12\/Kidswall-Odul-e1703148993280-18x12.png 18w\" sizes=\"(max-width: 1024px) 100vw, 1024px\" \/>\t\t\t\t\t\t\t\t\t\t\t\t\t\t\t<\/div>\n\t\t\t\t<\/div>\n\t\t\t\t\t<\/div>\n\t\t<\/div>\n\t\t\t\t\t<\/div>\n\t\t<\/section>\n\t\t\t\t<section class=\"elementor-section elementor-top-section elementor-element elementor-element-265006e elementor-section-boxed elementor-section-height-default elementor-section-height-default\" data-id=\"265006e\" data-element_type=\"section\" data-e-type=\"section\">\n\t\t\t\t\t\t<div class=\"elementor-container elementor-column-gap-default\">\n\t\t\t\t\t<div class=\"elementor-column elementor-col-50 elementor-top-column elementor-element elementor-element-797841a\" data-id=\"797841a\" data-element_type=\"column\" data-e-type=\"column\">\n\t\t\t<div class=\"elementor-widget-wrap\">\n\t\t\t\t\t\t\t<\/div>\n\t\t<\/div>\n\t\t\t\t<div class=\"elementor-column elementor-col-50 elementor-top-column elementor-element elementor-element-124c386\" data-id=\"124c386\" data-element_type=\"column\" data-e-type=\"column\">\n\t\t\t<div class=\"elementor-widget-wrap\">\n\t\t\t\t\t\t\t<\/div>\n\t\t<\/div>\n\t\t\t\t\t<\/div>\n\t\t<\/section>\n\t\t\t\t<\/div>","protected":false},"excerpt":{"rendered":"<p>DOCUMENTS<\/p>","protected":false},"author":1,"featured_media":0,"parent":0,"menu_order":0,"comment_status":"closed","ping_status":"closed","template":"","meta":{"ocean_post_layout":"","ocean_both_sidebars_style":"","ocean_both_sidebars_content_width":0,"ocean_both_sidebars_sidebars_width":0,"ocean_sidebar":"0","ocean_second_sidebar":"0","ocean_disable_margins":"enable","ocean_add_body_class":"","ocean_shortcode_before_top_bar":"","ocean_shortcode_after_top_bar":"","ocean_shortcode_before_header":"","ocean_shortcode_after_header":"","ocean_has_shortcode":"","ocean_shortcode_after_title":"","ocean_shortcode_before_footer_widgets":"","ocean_shortcode_after_footer_widgets":"","ocean_shortcode_before_footer_bottom":"","ocean_shortcode_after_footer_bottom":"","ocean_display_top_bar":"default","ocean_display_header":"default","ocean_header_style":"","ocean_center_header_left_menu":"0","ocean_custom_header_template":"0","ocean_custom_logo":0,"ocean_custom_retina_logo":0,"ocean_custom_logo_max_width":0,"ocean_custom_logo_tablet_max_width":0,"ocean_custom_logo_mobile_max_width":0,"ocean_custom_logo_max_height":0,"ocean_custom_logo_tablet_max_height":0,"ocean_custom_logo_mobile_max_height":0,"ocean_header_custom_menu":"0","ocean_menu_typo_font_family":"0","ocean_menu_typo_font_subset":"","ocean_menu_typo_font_size":0,"ocean_menu_typo_font_size_tablet":0,"ocean_menu_typo_font_size_mobile":0,"ocean_menu_typo_font_size_unit":"px","ocean_menu_typo_font_weight":"","ocean_menu_typo_font_weight_tablet":"","ocean_menu_typo_font_weight_mobile":"","ocean_menu_typo_transform":"","ocean_menu_typo_transform_tablet":"","ocean_menu_typo_transform_mobile":"","ocean_menu_typo_line_height":0,"ocean_menu_typo_line_height_tablet":0,"ocean_menu_typo_line_height_mobile":0,"ocean_menu_typo_line_height_unit":"","ocean_menu_typo_spacing":0,"ocean_menu_typo_spacing_tablet":0,"ocean_menu_typo_spacing_mobile":0,"ocean_menu_typo_spacing_unit":"","ocean_menu_link_color":"","ocean_menu_link_color_hover":"","ocean_menu_link_color_active":"","ocean_menu_link_background":"","ocean_menu_link_hover_background":"","ocean_menu_link_active_background":"","ocean_menu_social_links_bg":"","ocean_menu_social_hover_links_bg":"","ocean_menu_social_links_color":"","ocean_menu_social_hover_links_color":"","ocean_disable_title":"default","ocean_disable_heading":"default","ocean_post_title":"","ocean_post_subheading":"","ocean_post_title_style":"","ocean_post_title_background_color":"","ocean_post_title_background":0,"ocean_post_title_bg_image_position":"","ocean_post_title_bg_image_attachment":"","ocean_post_title_bg_image_repeat":"","ocean_post_title_bg_image_size":"","ocean_post_title_height":0,"ocean_post_title_bg_overlay":0.5,"ocean_post_title_bg_overlay_color":"","ocean_disable_breadcrumbs":"default","ocean_breadcrumbs_color":"","ocean_breadcrumbs_separator_color":"","ocean_breadcrumbs_links_color":"","ocean_breadcrumbs_links_hover_color":"","ocean_display_footer_widgets":"default","ocean_display_footer_bottom":"default","ocean_custom_footer_template":"0","_themeisle_gutenberg_block_has_review":false,"footnotes":""},"class_list":["post-2168","page","type-page","status-publish","hentry","entry","owp-thumbs-layout-horizontal","owp-btn-normal","owp-tabs-layout-horizontal","has-no-thumbnails"],"yoast_head":"<!-- This site is optimized with the Yoast SEO plugin v27.4 - https:\/\/yoast.com\/product\/yoast-seo-wordpress\/ -->\n<title>Belgelerimiz - Kidswall<\/title>\n<meta name=\"robots\" content=\"index, follow, max-snippet:-1, max-image-preview:large, max-video-preview:-1\" \/>\n<link rel=\"canonical\" href=\"https:\/\/kidswall.com.tr\/en\/belgelerimiz\/\" \/>\n<meta property=\"og:locale\" content=\"en_US\" \/>\n<meta property=\"og:type\" content=\"article\" \/>\n<meta property=\"og:title\" content=\"Belgelerimiz - Kidswall\" \/>\n<meta property=\"og:description\" content=\"BELGELER\u0130M\u0130Z\" \/>\n<meta property=\"og:url\" content=\"https:\/\/kidswall.com.tr\/en\/belgelerimiz\/\" \/>\n<meta property=\"og:site_name\" content=\"Kidswall\" \/>\n<meta property=\"article:modified_time\" content=\"2023-12-21T08:59:23+00:00\" \/>\n<meta property=\"og:image\" content=\"https:\/\/kidswall.com.tr\/wp-content\/uploads\/2023\/05\/kidswall-yerli-mali-belgesi-718x1024.png\" \/>\n<meta name=\"twitter:card\" content=\"summary_large_image\" \/>\n<meta name=\"twitter:label1\" content=\"Est. reading time\" \/>\n\t<meta name=\"twitter:data1\" content=\"2 minutes\" \/>\n<script type=\"application\/ld+json\" class=\"yoast-schema-graph\">{\"@context\":\"https:\\\/\\\/schema.org\",\"@graph\":[{\"@type\":\"WebPage\",\"@id\":\"https:\\\/\\\/kidswall.com.tr\\\/belgelerimiz\\\/\",\"url\":\"https:\\\/\\\/kidswall.com.tr\\\/belgelerimiz\\\/\",\"name\":\"Belgelerimiz - Kidswall\",\"isPartOf\":{\"@id\":\"https:\\\/\\\/kidswall.com.tr\\\/#website\"},\"primaryImageOfPage\":{\"@id\":\"https:\\\/\\\/kidswall.com.tr\\\/belgelerimiz\\\/#primaryimage\"},\"image\":{\"@id\":\"https:\\\/\\\/kidswall.com.tr\\\/belgelerimiz\\\/#primaryimage\"},\"thumbnailUrl\":\"https:\\\/\\\/kidswall.com.tr\\\/wp-content\\\/uploads\\\/2023\\\/05\\\/kidswall-yerli-mali-belgesi-718x1024.png\",\"datePublished\":\"2023-05-10T11:19:43+00:00\",\"dateModified\":\"2023-12-21T08:59:23+00:00\",\"breadcrumb\":{\"@id\":\"https:\\\/\\\/kidswall.com.tr\\\/belgelerimiz\\\/#breadcrumb\"},\"inLanguage\":\"en-US\",\"potentialAction\":[{\"@type\":\"ReadAction\",\"target\":[\"https:\\\/\\\/kidswall.com.tr\\\/belgelerimiz\\\/\"]}]},{\"@type\":\"ImageObject\",\"inLanguage\":\"en-US\",\"@id\":\"https:\\\/\\\/kidswall.com.tr\\\/belgelerimiz\\\/#primaryimage\",\"url\":\"https:\\\/\\\/kidswall.com.tr\\\/wp-content\\\/uploads\\\/2023\\\/05\\\/kidswall-yerli-mali-belgesi-718x1024.png\",\"contentUrl\":\"https:\\\/\\\/kidswall.com.tr\\\/wp-content\\\/uploads\\\/2023\\\/05\\\/kidswall-yerli-mali-belgesi-718x1024.png\"},{\"@type\":\"BreadcrumbList\",\"@id\":\"https:\\\/\\\/kidswall.com.tr\\\/belgelerimiz\\\/#breadcrumb\",\"itemListElement\":[{\"@type\":\"ListItem\",\"position\":1,\"name\":\"Anasayfa\",\"item\":\"https:\\\/\\\/kidswall.com.tr\\\/\"},{\"@type\":\"ListItem\",\"position\":2,\"name\":\"Belgelerimiz\"}]},{\"@type\":\"WebSite\",\"@id\":\"https:\\\/\\\/kidswall.com.tr\\\/#website\",\"url\":\"https:\\\/\\\/kidswall.com.tr\\\/\",\"name\":\"Kidswall\",\"description\":\"G&uuml;vensiz D&uuml;nyada G&uuml;vende Kal\",\"publisher\":{\"@id\":\"https:\\\/\\\/kidswall.com.tr\\\/#organization\"},\"potentialAction\":[{\"@type\":\"SearchAction\",\"target\":{\"@type\":\"EntryPoint\",\"urlTemplate\":\"https:\\\/\\\/kidswall.com.tr\\\/?s={search_term_string}\"},\"query-input\":{\"@type\":\"PropertyValueSpecification\",\"valueRequired\":true,\"valueName\":\"search_term_string\"}}],\"inLanguage\":\"en-US\"},{\"@type\":\"Organization\",\"@id\":\"https:\\\/\\\/kidswall.com.tr\\\/#organization\",\"name\":\"Kidswall\",\"url\":\"https:\\\/\\\/kidswall.com.tr\\\/\",\"logo\":{\"@type\":\"ImageObject\",\"inLanguage\":\"en-US\",\"@id\":\"https:\\\/\\\/kidswall.com.tr\\\/#\\\/schema\\\/logo\\\/image\\\/\",\"url\":\"https:\\\/\\\/kidswall.com.tr\\\/wp-content\\\/uploads\\\/2021\\\/10\\\/kidswall.png\",\"contentUrl\":\"https:\\\/\\\/kidswall.com.tr\\\/wp-content\\\/uploads\\\/2021\\\/10\\\/kidswall.png\",\"width\":713,\"height\":156,\"caption\":\"Kidswall\"},\"image\":{\"@id\":\"https:\\\/\\\/kidswall.com.tr\\\/#\\\/schema\\\/logo\\\/image\\\/\"}}]}<\/script>\n<!-- \/ Yoast SEO plugin. -->","yoast_head_json":{"title":"Belgelerimiz - Kidswall","robots":{"index":"index","follow":"follow","max-snippet":"max-snippet:-1","max-image-preview":"max-image-preview:large","max-video-preview":"max-video-preview:-1"},"canonical":"https:\/\/kidswall.com.tr\/en\/belgelerimiz\/","og_locale":"en_US","og_type":"article","og_title":"Belgelerimiz - Kidswall","og_description":"BELGELER\u0130M\u0130Z","og_url":"https:\/\/kidswall.com.tr\/en\/belgelerimiz\/","og_site_name":"Kidswall","article_modified_time":"2023-12-21T08:59:23+00:00","og_image":[{"url":"https:\/\/kidswall.com.tr\/wp-content\/uploads\/2023\/05\/kidswall-yerli-mali-belgesi-718x1024.png","type":"","width":"","height":""}],"twitter_card":"summary_large_image","twitter_misc":{"Est. reading time":"2 minutes"},"schema":{"@context":"https:\/\/schema.org","@graph":[{"@type":"WebPage","@id":"https:\/\/kidswall.com.tr\/belgelerimiz\/","url":"https:\/\/kidswall.com.tr\/belgelerimiz\/","name":"Belgelerimiz - Kidswall","isPartOf":{"@id":"https:\/\/kidswall.com.tr\/#website"},"primaryImageOfPage":{"@id":"https:\/\/kidswall.com.tr\/belgelerimiz\/#primaryimage"},"image":{"@id":"https:\/\/kidswall.com.tr\/belgelerimiz\/#primaryimage"},"thumbnailUrl":"https:\/\/kidswall.com.tr\/wp-content\/uploads\/2023\/05\/kidswall-yerli-mali-belgesi-718x1024.png","datePublished":"2023-05-10T11:19:43+00:00","dateModified":"2023-12-21T08:59:23+00:00","breadcrumb":{"@id":"https:\/\/kidswall.com.tr\/belgelerimiz\/#breadcrumb"},"inLanguage":"en-US","potentialAction":[{"@type":"ReadAction","target":["https:\/\/kidswall.com.tr\/belgelerimiz\/"]}]},{"@type":"ImageObject","inLanguage":"en-US","@id":"https:\/\/kidswall.com.tr\/belgelerimiz\/#primaryimage","url":"https:\/\/kidswall.com.tr\/wp-content\/uploads\/2023\/05\/kidswall-yerli-mali-belgesi-718x1024.png","contentUrl":"https:\/\/kidswall.com.tr\/wp-content\/uploads\/2023\/05\/kidswall-yerli-mali-belgesi-718x1024.png"},{"@type":"BreadcrumbList","@id":"https:\/\/kidswall.com.tr\/belgelerimiz\/#breadcrumb","itemListElement":[{"@type":"ListItem","position":1,"name":"Anasayfa","item":"https:\/\/kidswall.com.tr\/"},{"@type":"ListItem","position":2,"name":"Belgelerimiz"}]},{"@type":"WebSite","@id":"https:\/\/kidswall.com.tr\/#website","url":"https:\/\/kidswall.com.tr\/","name":"Kidswall","description":"G&uuml;vensiz D&uuml;nyada G&uuml;vende Kal","publisher":{"@id":"https:\/\/kidswall.com.tr\/#organization"},"potentialAction":[{"@type":"SearchAction","target":{"@type":"EntryPoint","urlTemplate":"https:\/\/kidswall.com.tr\/?s={search_term_string}"},"query-input":{"@type":"PropertyValueSpecification","valueRequired":true,"valueName":"search_term_string"}}],"inLanguage":"en-US"},{"@type":"Organization","@id":"https:\/\/kidswall.com.tr\/#organization","name":"Kidswall","url":"https:\/\/kidswall.com.tr\/","logo":{"@type":"ImageObject","inLanguage":"en-US","@id":"https:\/\/kidswall.com.tr\/#\/schema\/logo\/image\/","url":"https:\/\/kidswall.com.tr\/wp-content\/uploads\/2021\/10\/kidswall.png","contentUrl":"https:\/\/kidswall.com.tr\/wp-content\/uploads\/2021\/10\/kidswall.png","width":713,"height":156,"caption":"Kidswall"},"image":{"@id":"https:\/\/kidswall.com.tr\/#\/schema\/logo\/image\/"}}]}},"_links":{"self":[{"href":"https:\/\/kidswall.com.tr\/en\/wp-json\/wp\/v2\/pages\/2168","targetHints":{"allow":["GET"]}}],"collection":[{"href":"https:\/\/kidswall.com.tr\/en\/wp-json\/wp\/v2\/pages"}],"about":[{"href":"https:\/\/kidswall.com.tr\/en\/wp-json\/wp\/v2\/types\/page"}],"author":[{"embeddable":true,"href":"https:\/\/kidswall.com.tr\/en\/wp-json\/wp\/v2\/users\/1"}],"replies":[{"embeddable":true,"href":"https:\/\/kidswall.com.tr\/en\/wp-json\/wp\/v2\/comments?post=2168"}],"version-history":[{"count":56,"href":"https:\/\/kidswall.com.tr\/en\/wp-json\/wp\/v2\/pages\/2168\/revisions"}],"predecessor-version":[{"id":2331,"href":"https:\/\/kidswall.com.tr\/en\/wp-json\/wp\/v2\/pages\/2168\/revisions\/2331"}],"wp:attachment":[{"href":"https:\/\/kidswall.com.tr\/en\/wp-json\/wp\/v2\/media?parent=2168"}],"curies":[{"name":"wp","href":"https:\/\/api.w.org\/{rel}","templated":true}]}}