{"id":2096,"date":"2022-12-06T14:38:16","date_gmt":"2022-12-06T11:38:16","guid":{"rendered":"https:\/\/kidswall.com.tr\/?page_id=2096"},"modified":"2023-01-03T12:40:01","modified_gmt":"2023-01-03T09:40:01","slug":"kvkk-politikalarimiz-ve-aydinlatma-metinlerimiz","status":"publish","type":"page","link":"https:\/\/kidswall.com.tr\/en\/kvkk-politikalarimiz-ve-aydinlatma-metinlerimiz\/","title":{"rendered":"Our KVKK Policies and Clarification Texts"},"content":{"rendered":"<div data-elementor-type=\"wp-page\" data-elementor-id=\"2096\" class=\"elementor elementor-2096\">\n\t\t\t\t\t\t<section class=\"elementor-section elementor-top-section elementor-element elementor-element-abed7a6 elementor-section-boxed elementor-section-height-default elementor-section-height-default\" data-id=\"abed7a6\" data-element_type=\"section\" data-e-type=\"section\">\n\t\t\t\t\t\t<div class=\"elementor-container elementor-column-gap-default\">\n\t\t\t\t\t<div class=\"elementor-column elementor-col-100 elementor-top-column elementor-element elementor-element-9038e95\" data-id=\"9038e95\" data-element_type=\"column\" data-e-type=\"column\">\n\t\t\t<div class=\"elementor-widget-wrap elementor-element-populated\">\n\t\t\t\t\t\t<div class=\"elementor-element elementor-element-0f31a48 elementor-widget elementor-widget-heading\" data-id=\"0f31a48\" data-element_type=\"widget\" data-e-type=\"widget\" data-widget_type=\"heading.default\">\n\t\t\t\t<div class=\"elementor-widget-container\">\n\t\t\t\t\t<h1 class=\"elementor-heading-title elementor-size-default\">Our KVKK Policies and Clarification Texts<\/h1>\t\t\t\t<\/div>\n\t\t\t\t<\/div>\n\t\t\t\t<div class=\"elementor-element elementor-element-238b874 elementor-widget elementor-widget-text-editor\" data-id=\"238b874\" data-element_type=\"widget\" data-e-type=\"widget\" data-widget_type=\"text-editor.default\">\n\t\t\t\t<div class=\"elementor-widget-container\">\n\t\t\t\t\t\t\t\t\t<p><span style=\"font-size: 16px;\">As Kuantum Siber G\u00fcvenlik, Yaz\u0131l\u0131m, \u0130nternet, Bili\u015fim Sistemleri ve Dan\u0131\u015fmanl\u0131k Hizmetleri San.Tic.A.\u015e. we value your personal data. Your personal data is protected by taking precautions and is only processed for certain purposes. You can find information on this subject in our policies and lighting texts below. You can get more detailed information by filling out the application form or contacting us.<\/span><\/p><div class=\"text\"><div class=\"node-inner\"><h3><strong>OUR KVKK POLICIES<\/strong><\/h3><p>For Access Policy<strong>\u00a0<span style=\"text-decoration: underline;\"><a href=\"https:\/\/kuantumsiberguvenlik.com.tr\/pdf\/Eri%C5%9Fim_Politikas%C4%B1.pdf\">Click...<\/a><\/span><\/strong><\/p><p>For Sharing Policy<strong>\u00a0<span style=\"text-decoration: underline;\"><a href=\"https:\/\/kuantumsiberguvenlik.com.tr\/pdf\/Payla%C5%9F%C4%B1m_Politikas%C4%B1.pdf\">Click...<\/a><\/span><\/strong><\/p><p>For Camera Monitoring and Image Storage Policy<strong>\u00a0<span style=\"text-decoration: underline;\"><a href=\"https:\/\/kuantumsiberguvenlik.com.tr\/pdf\/Kamera_%C4%B0zleme_G%C3%B6r%C3%BCnt%C3%BC_Depolama_Politikas%C4%B1.pdf\">Click...<\/a><\/span><\/strong><\/p><p>For Policy on Storage, Disposal and Anonymization of Personal Data<strong>\u00a0<span style=\"text-decoration: underline;\"><a href=\"https:\/\/kuantumsiberguvenlik.com.tr\/pdf\/Saklama_%C4%B0mha_Politikas%C4%B1.pdf\">Click...<\/a><\/span><\/strong><\/p><h3><strong>OUR CLARTIFICATION TEXT<\/strong><\/h3><p>For Employee Clarification Text\u00a0<span style=\"text-decoration: underline;\"><a href=\"https:\/\/kuantumsiberguvenlik.com.tr\/pdf\/Ayd%C4%B1nlatma_Metni_%C3%87al%C4%B1%C5%9Fan.pdf\"><strong>Click...<\/strong><\/a><\/span><\/p><p>For Employee Candidate Clarification Text\u00a0<span style=\"text-decoration: underline;\"><a href=\"https:\/\/kuantumsiberguvenlik.com.tr\/pdf\/Ayd%C4%B1nlatma_Metni_%C3%87al%C4%B1%C5%9Fan%20Aday%C4%B1.pdf\"><strong>Click...<\/strong><\/a><\/span><\/p><p>For Visitor Clarification Text\u00a0<span style=\"text-decoration: underline;\"><a href=\"https:\/\/kuantumsiberguvenlik.com.tr\/pdf\/Ayd%C4%B1nlatma_Metni_Ziyaret%C3%A7i.pdf\"><strong>Click...<\/strong><\/a><\/span><\/p><p>For Service Recipient Clarification Text\u00a0<span style=\"text-decoration: underline;\"><a href=\"https:\/\/kuantumsiberguvenlik.com.tr\/pdf\/Ayd%C4%B1nlatma_Metni_Hizmet%20Alan%20Ki%C5%9Fi.pdf\"><strong>Click...<\/strong><\/a><\/span><\/p><p>For Intern Clarification Text\u00a0<span style=\"text-decoration: underline;\"><a href=\"https:\/\/kuantumsiberguvenlik.com.tr\/pdf\/Ayd%C4%B1nlatma_Metni_Stajyer.pdf\"><strong>Click...<\/strong><\/a><\/span><\/p><p>For KVKK Application Form\u00a0<span style=\"text-decoration: underline;\"><a href=\"https:\/\/kuantumsiberguvenlik.com.tr\/pdf\/KVKK_Basvuru_Formu.pdf\"><strong>Click...<\/strong><\/a><\/span><\/p><\/div><\/div>\t\t\t\t\t\t\t\t<\/div>\n\t\t\t\t<\/div>\n\t\t\t\t\t<\/div>\n\t\t<\/div>\n\t\t\t\t\t<\/div>\n\t\t<\/section>\n\t\t\t\t<\/div>","protected":false},"excerpt":{"rendered":"<p>KVKK Politikalar\u0131m\u0131z ve Ayd\u0131nlatma Metinlerimiz Kuantum Siber G\u00fcvenlik, Yaz\u0131l\u0131m, \u0130nternet, Bili\u015fim Sistemleri ve Dan\u0131\u015fmanl\u0131k Hizmetleri San.Tic.A.\u015e. olarak ki\u015fisel verilerinize de\u011fer veriyoruz. Ki\u015fisel verileriniz\u00a0 \u00f6nlemler al\u0131narak korunmakta ve sadece belirli ama\u00e7larla i\u015flenmektedir. Bu konuyla ili\u015fkin bilgilere a\u015fa\u011f\u0131da belirtilen politikalar\u0131m\u0131zdan ve ayd\u0131nlatma metinlerimizden ula\u015fabilirsiniz. Ba\u015fvuru formunu doldurarak ya da bizimle ileti\u015fime ge\u00e7erek daha detayl\u0131 bilgi alabilirsiniz. KVKK [&hellip;]<\/p>\n","protected":false},"author":1,"featured_media":0,"parent":0,"menu_order":0,"comment_status":"closed","ping_status":"closed","template":"","meta":{"ocean_post_layout":"","ocean_both_sidebars_style":"","ocean_both_sidebars_content_width":0,"ocean_both_sidebars_sidebars_width":0,"ocean_sidebar":"0","ocean_second_sidebar":"0","ocean_disable_margins":"enable","ocean_add_body_class":"","ocean_shortcode_before_top_bar":"","ocean_shortcode_after_top_bar":"","ocean_shortcode_before_header":"","ocean_shortcode_after_header":"","ocean_has_shortcode":"","ocean_shortcode_after_title":"","ocean_shortcode_before_footer_widgets":"","ocean_shortcode_after_footer_widgets":"","ocean_shortcode_before_footer_bottom":"","ocean_shortcode_after_footer_bottom":"","ocean_display_top_bar":"default","ocean_display_header":"default","ocean_header_style":"","ocean_center_header_left_menu":"0","ocean_custom_header_template":"0","ocean_custom_logo":0,"ocean_custom_retina_logo":0,"ocean_custom_logo_max_width":0,"ocean_custom_logo_tablet_max_width":0,"ocean_custom_logo_mobile_max_width":0,"ocean_custom_logo_max_height":0,"ocean_custom_logo_tablet_max_height":0,"ocean_custom_logo_mobile_max_height":0,"ocean_header_custom_menu":"0","ocean_menu_typo_font_family":"0","ocean_menu_typo_font_subset":"","ocean_menu_typo_font_size":0,"ocean_menu_typo_font_size_tablet":0,"ocean_menu_typo_font_size_mobile":0,"ocean_menu_typo_font_size_unit":"px","ocean_menu_typo_font_weight":"","ocean_menu_typo_font_weight_tablet":"","ocean_menu_typo_font_weight_mobile":"","ocean_menu_typo_transform":"","ocean_menu_typo_transform_tablet":"","ocean_menu_typo_transform_mobile":"","ocean_menu_typo_line_height":0,"ocean_menu_typo_line_height_tablet":0,"ocean_menu_typo_line_height_mobile":0,"ocean_menu_typo_line_height_unit":"","ocean_menu_typo_spacing":0,"ocean_menu_typo_spacing_tablet":0,"ocean_menu_typo_spacing_mobile":0,"ocean_menu_typo_spacing_unit":"","ocean_menu_link_color":"","ocean_menu_link_color_hover":"","ocean_menu_link_color_active":"","ocean_menu_link_background":"","ocean_menu_link_hover_background":"","ocean_menu_link_active_background":"","ocean_menu_social_links_bg":"","ocean_menu_social_hover_links_bg":"","ocean_menu_social_links_color":"","ocean_menu_social_hover_links_color":"","ocean_disable_title":"default","ocean_disable_heading":"default","ocean_post_title":"","ocean_post_subheading":"","ocean_post_title_style":"","ocean_post_title_background_color":"","ocean_post_title_background":0,"ocean_post_title_bg_image_position":"","ocean_post_title_bg_image_attachment":"","ocean_post_title_bg_image_repeat":"","ocean_post_title_bg_image_size":"","ocean_post_title_height":0,"ocean_post_title_bg_overlay":0.5,"ocean_post_title_bg_overlay_color":"","ocean_disable_breadcrumbs":"default","ocean_breadcrumbs_color":"","ocean_breadcrumbs_separator_color":"","ocean_breadcrumbs_links_color":"","ocean_breadcrumbs_links_hover_color":"","ocean_display_footer_widgets":"default","ocean_display_footer_bottom":"default","ocean_custom_footer_template":"0","_themeisle_gutenberg_block_has_review":false,"footnotes":""},"class_list":["post-2096","page","type-page","status-publish","hentry","entry","owp-thumbs-layout-horizontal","owp-btn-normal","owp-tabs-layout-horizontal","has-no-thumbnails"],"yoast_head":"<!-- This site is optimized with the Yoast SEO plugin v27.4 - https:\/\/yoast.com\/product\/yoast-seo-wordpress\/ -->\n<title>KVKK Politikalar\u0131m\u0131z ve Ayd\u0131nlatma Metinlerimiz - Kidswall<\/title>\n<meta name=\"robots\" content=\"index, follow, max-snippet:-1, max-image-preview:large, max-video-preview:-1\" \/>\n<link rel=\"canonical\" href=\"https:\/\/kidswall.com.tr\/en\/kvkk-politikalarimiz-ve-aydinlatma-metinlerimiz\/\" \/>\n<meta property=\"og:locale\" content=\"en_US\" \/>\n<meta property=\"og:type\" content=\"article\" \/>\n<meta property=\"og:title\" content=\"KVKK Politikalar\u0131m\u0131z ve Ayd\u0131nlatma Metinlerimiz - Kidswall\" \/>\n<meta property=\"og:description\" content=\"KVKK Politikalar\u0131m\u0131z ve Ayd\u0131nlatma Metinlerimiz Kuantum Siber G\u00fcvenlik, Yaz\u0131l\u0131m, \u0130nternet, Bili\u015fim Sistemleri ve Dan\u0131\u015fmanl\u0131k Hizmetleri San.Tic.A.\u015e. olarak ki\u015fisel verilerinize de\u011fer veriyoruz. Ki\u015fisel verileriniz\u00a0 \u00f6nlemler al\u0131narak korunmakta ve sadece belirli ama\u00e7larla i\u015flenmektedir. Bu konuyla ili\u015fkin bilgilere a\u015fa\u011f\u0131da belirtilen politikalar\u0131m\u0131zdan ve ayd\u0131nlatma metinlerimizden ula\u015fabilirsiniz. Ba\u015fvuru formunu doldurarak ya da bizimle ileti\u015fime ge\u00e7erek daha detayl\u0131 bilgi alabilirsiniz. KVKK [&hellip;]\" \/>\n<meta property=\"og:url\" content=\"https:\/\/kidswall.com.tr\/en\/kvkk-politikalarimiz-ve-aydinlatma-metinlerimiz\/\" \/>\n<meta property=\"og:site_name\" content=\"Kidswall\" \/>\n<meta property=\"article:modified_time\" content=\"2023-01-03T09:40:01+00:00\" \/>\n<meta name=\"twitter:card\" content=\"summary_large_image\" \/>\n<meta name=\"twitter:label1\" content=\"Est. reading time\" \/>\n\t<meta name=\"twitter:data1\" content=\"1 minute\" \/>\n<script type=\"application\/ld+json\" class=\"yoast-schema-graph\">{\"@context\":\"https:\\\/\\\/schema.org\",\"@graph\":[{\"@type\":\"WebPage\",\"@id\":\"https:\\\/\\\/kidswall.com.tr\\\/kvkk-politikalarimiz-ve-aydinlatma-metinlerimiz\\\/\",\"url\":\"https:\\\/\\\/kidswall.com.tr\\\/kvkk-politikalarimiz-ve-aydinlatma-metinlerimiz\\\/\",\"name\":\"KVKK Politikalar\u0131m\u0131z ve Ayd\u0131nlatma Metinlerimiz - Kidswall\",\"isPartOf\":{\"@id\":\"https:\\\/\\\/kidswall.com.tr\\\/#website\"},\"datePublished\":\"2022-12-06T11:38:16+00:00\",\"dateModified\":\"2023-01-03T09:40:01+00:00\",\"breadcrumb\":{\"@id\":\"https:\\\/\\\/kidswall.com.tr\\\/kvkk-politikalarimiz-ve-aydinlatma-metinlerimiz\\\/#breadcrumb\"},\"inLanguage\":\"en-US\",\"potentialAction\":[{\"@type\":\"ReadAction\",\"target\":[\"https:\\\/\\\/kidswall.com.tr\\\/kvkk-politikalarimiz-ve-aydinlatma-metinlerimiz\\\/\"]}]},{\"@type\":\"BreadcrumbList\",\"@id\":\"https:\\\/\\\/kidswall.com.tr\\\/kvkk-politikalarimiz-ve-aydinlatma-metinlerimiz\\\/#breadcrumb\",\"itemListElement\":[{\"@type\":\"ListItem\",\"position\":1,\"name\":\"Anasayfa\",\"item\":\"https:\\\/\\\/kidswall.com.tr\\\/\"},{\"@type\":\"ListItem\",\"position\":2,\"name\":\"KVKK Politikalar\u0131m\u0131z ve Ayd\u0131nlatma Metinlerimiz\"}]},{\"@type\":\"WebSite\",\"@id\":\"https:\\\/\\\/kidswall.com.tr\\\/#website\",\"url\":\"https:\\\/\\\/kidswall.com.tr\\\/\",\"name\":\"Kidswall\",\"description\":\"G&uuml;vensiz D&uuml;nyada G&uuml;vende Kal\",\"publisher\":{\"@id\":\"https:\\\/\\\/kidswall.com.tr\\\/#organization\"},\"potentialAction\":[{\"@type\":\"SearchAction\",\"target\":{\"@type\":\"EntryPoint\",\"urlTemplate\":\"https:\\\/\\\/kidswall.com.tr\\\/?s={search_term_string}\"},\"query-input\":{\"@type\":\"PropertyValueSpecification\",\"valueRequired\":true,\"valueName\":\"search_term_string\"}}],\"inLanguage\":\"en-US\"},{\"@type\":\"Organization\",\"@id\":\"https:\\\/\\\/kidswall.com.tr\\\/#organization\",\"name\":\"Kidswall\",\"url\":\"https:\\\/\\\/kidswall.com.tr\\\/\",\"logo\":{\"@type\":\"ImageObject\",\"inLanguage\":\"en-US\",\"@id\":\"https:\\\/\\\/kidswall.com.tr\\\/#\\\/schema\\\/logo\\\/image\\\/\",\"url\":\"https:\\\/\\\/kidswall.com.tr\\\/wp-content\\\/uploads\\\/2021\\\/10\\\/kidswall.png\",\"contentUrl\":\"https:\\\/\\\/kidswall.com.tr\\\/wp-content\\\/uploads\\\/2021\\\/10\\\/kidswall.png\",\"width\":713,\"height\":156,\"caption\":\"Kidswall\"},\"image\":{\"@id\":\"https:\\\/\\\/kidswall.com.tr\\\/#\\\/schema\\\/logo\\\/image\\\/\"}}]}<\/script>\n<!-- \/ Yoast SEO plugin. -->","yoast_head_json":{"title":"KVKK Politikalar\u0131m\u0131z ve Ayd\u0131nlatma Metinlerimiz - Kidswall","robots":{"index":"index","follow":"follow","max-snippet":"max-snippet:-1","max-image-preview":"max-image-preview:large","max-video-preview":"max-video-preview:-1"},"canonical":"https:\/\/kidswall.com.tr\/en\/kvkk-politikalarimiz-ve-aydinlatma-metinlerimiz\/","og_locale":"en_US","og_type":"article","og_title":"KVKK Politikalar\u0131m\u0131z ve Ayd\u0131nlatma Metinlerimiz - Kidswall","og_description":"KVKK Politikalar\u0131m\u0131z ve Ayd\u0131nlatma Metinlerimiz Kuantum Siber G\u00fcvenlik, Yaz\u0131l\u0131m, \u0130nternet, Bili\u015fim Sistemleri ve Dan\u0131\u015fmanl\u0131k Hizmetleri San.Tic.A.\u015e. olarak ki\u015fisel verilerinize de\u011fer veriyoruz. Ki\u015fisel verileriniz\u00a0 \u00f6nlemler al\u0131narak korunmakta ve sadece belirli ama\u00e7larla i\u015flenmektedir. Bu konuyla ili\u015fkin bilgilere a\u015fa\u011f\u0131da belirtilen politikalar\u0131m\u0131zdan ve ayd\u0131nlatma metinlerimizden ula\u015fabilirsiniz. Ba\u015fvuru formunu doldurarak ya da bizimle ileti\u015fime ge\u00e7erek daha detayl\u0131 bilgi alabilirsiniz. KVKK [&hellip;]","og_url":"https:\/\/kidswall.com.tr\/en\/kvkk-politikalarimiz-ve-aydinlatma-metinlerimiz\/","og_site_name":"Kidswall","article_modified_time":"2023-01-03T09:40:01+00:00","twitter_card":"summary_large_image","twitter_misc":{"Est. reading time":"1 minute"},"schema":{"@context":"https:\/\/schema.org","@graph":[{"@type":"WebPage","@id":"https:\/\/kidswall.com.tr\/kvkk-politikalarimiz-ve-aydinlatma-metinlerimiz\/","url":"https:\/\/kidswall.com.tr\/kvkk-politikalarimiz-ve-aydinlatma-metinlerimiz\/","name":"KVKK Politikalar\u0131m\u0131z ve Ayd\u0131nlatma Metinlerimiz - Kidswall","isPartOf":{"@id":"https:\/\/kidswall.com.tr\/#website"},"datePublished":"2022-12-06T11:38:16+00:00","dateModified":"2023-01-03T09:40:01+00:00","breadcrumb":{"@id":"https:\/\/kidswall.com.tr\/kvkk-politikalarimiz-ve-aydinlatma-metinlerimiz\/#breadcrumb"},"inLanguage":"en-US","potentialAction":[{"@type":"ReadAction","target":["https:\/\/kidswall.com.tr\/kvkk-politikalarimiz-ve-aydinlatma-metinlerimiz\/"]}]},{"@type":"BreadcrumbList","@id":"https:\/\/kidswall.com.tr\/kvkk-politikalarimiz-ve-aydinlatma-metinlerimiz\/#breadcrumb","itemListElement":[{"@type":"ListItem","position":1,"name":"Anasayfa","item":"https:\/\/kidswall.com.tr\/"},{"@type":"ListItem","position":2,"name":"KVKK Politikalar\u0131m\u0131z ve Ayd\u0131nlatma Metinlerimiz"}]},{"@type":"WebSite","@id":"https:\/\/kidswall.com.tr\/#website","url":"https:\/\/kidswall.com.tr\/","name":"Kidswall","description":"G&uuml;vensiz D&uuml;nyada G&uuml;vende Kal","publisher":{"@id":"https:\/\/kidswall.com.tr\/#organization"},"potentialAction":[{"@type":"SearchAction","target":{"@type":"EntryPoint","urlTemplate":"https:\/\/kidswall.com.tr\/?s={search_term_string}"},"query-input":{"@type":"PropertyValueSpecification","valueRequired":true,"valueName":"search_term_string"}}],"inLanguage":"en-US"},{"@type":"Organization","@id":"https:\/\/kidswall.com.tr\/#organization","name":"Kidswall","url":"https:\/\/kidswall.com.tr\/","logo":{"@type":"ImageObject","inLanguage":"en-US","@id":"https:\/\/kidswall.com.tr\/#\/schema\/logo\/image\/","url":"https:\/\/kidswall.com.tr\/wp-content\/uploads\/2021\/10\/kidswall.png","contentUrl":"https:\/\/kidswall.com.tr\/wp-content\/uploads\/2021\/10\/kidswall.png","width":713,"height":156,"caption":"Kidswall"},"image":{"@id":"https:\/\/kidswall.com.tr\/#\/schema\/logo\/image\/"}}]}},"_links":{"self":[{"href":"https:\/\/kidswall.com.tr\/en\/wp-json\/wp\/v2\/pages\/2096","targetHints":{"allow":["GET"]}}],"collection":[{"href":"https:\/\/kidswall.com.tr\/en\/wp-json\/wp\/v2\/pages"}],"about":[{"href":"https:\/\/kidswall.com.tr\/en\/wp-json\/wp\/v2\/types\/page"}],"author":[{"embeddable":true,"href":"https:\/\/kidswall.com.tr\/en\/wp-json\/wp\/v2\/users\/1"}],"replies":[{"embeddable":true,"href":"https:\/\/kidswall.com.tr\/en\/wp-json\/wp\/v2\/comments?post=2096"}],"version-history":[{"count":13,"href":"https:\/\/kidswall.com.tr\/en\/wp-json\/wp\/v2\/pages\/2096\/revisions"}],"predecessor-version":[{"id":2149,"href":"https:\/\/kidswall.com.tr\/en\/wp-json\/wp\/v2\/pages\/2096\/revisions\/2149"}],"wp:attachment":[{"href":"https:\/\/kidswall.com.tr\/en\/wp-json\/wp\/v2\/media?parent=2096"}],"curies":[{"name":"wp","href":"https:\/\/api.w.org\/{rel}","templated":true}]}}