{"id":1816,"date":"2022-12-02T12:52:14","date_gmt":"2022-12-02T09:52:14","guid":{"rendered":"https:\/\/kidswall.com.tr\/?page_id=1816"},"modified":"2022-12-03T10:13:48","modified_gmt":"2022-12-03T07:13:48","slug":"gizlilik-politikasi","status":"publish","type":"page","link":"https:\/\/kidswall.com.tr\/en\/gizlilik-politikasi\/","title":{"rendered":"Privacy Policy"},"content":{"rendered":"<div data-elementor-type=\"wp-page\" data-elementor-id=\"1816\" class=\"elementor elementor-1816\">\n\t\t\t\t\t\t<section class=\"elementor-section elementor-top-section elementor-element elementor-element-0faa860 elementor-section-boxed elementor-section-height-default elementor-section-height-default\" data-id=\"0faa860\" data-element_type=\"section\" data-e-type=\"section\">\n\t\t\t\t\t\t<div class=\"elementor-container elementor-column-gap-default\">\n\t\t\t\t\t<div class=\"elementor-column elementor-col-100 elementor-top-column elementor-element elementor-element-37b9734\" data-id=\"37b9734\" data-element_type=\"column\" data-e-type=\"column\">\n\t\t\t<div class=\"elementor-widget-wrap elementor-element-populated\">\n\t\t\t\t\t\t<section class=\"elementor-section elementor-inner-section elementor-element elementor-element-aa73c54 elementor-section-boxed elementor-section-height-default elementor-section-height-default\" data-id=\"aa73c54\" data-element_type=\"section\" data-e-type=\"section\">\n\t\t\t\t\t\t<div class=\"elementor-container elementor-column-gap-default\">\n\t\t\t\t\t<div class=\"elementor-column elementor-col-100 elementor-inner-column elementor-element elementor-element-e86e60f\" data-id=\"e86e60f\" data-element_type=\"column\" data-e-type=\"column\">\n\t\t\t<div class=\"elementor-widget-wrap elementor-element-populated\">\n\t\t\t\t\t\t<div class=\"elementor-element elementor-element-e5c8cb0 elementor-widget elementor-widget-heading\" data-id=\"e5c8cb0\" data-element_type=\"widget\" data-e-type=\"widget\" data-widget_type=\"heading.default\">\n\t\t\t\t<div class=\"elementor-widget-container\">\n\t\t\t\t\t<h1 class=\"elementor-heading-title elementor-size-default\">PRIVACY POLICY<\/h1>\t\t\t\t<\/div>\n\t\t\t\t<\/div>\n\t\t\t\t<div class=\"elementor-element elementor-element-a38fab0 elementor-widget elementor-widget-heading\" data-id=\"a38fab0\" data-element_type=\"widget\" data-e-type=\"widget\" data-widget_type=\"heading.default\">\n\t\t\t\t<div class=\"elementor-widget-container\">\n\t\t\t\t\t<h2 class=\"elementor-heading-title elementor-size-default\">PRIVACY AND SECURITY OF MEMBERSHIP INFORMATION<\/h2>\t\t\t\t<\/div>\n\t\t\t\t<\/div>\n\t\t\t\t<div class=\"elementor-element elementor-element-1ccc820 elementor-widget elementor-widget-text-editor\" data-id=\"1ccc820\" data-element_type=\"widget\" data-e-type=\"widget\" data-widget_type=\"text-editor.default\">\n\t\t\t\t<div class=\"elementor-widget-container\">\n\t\t\t\t\t\t\t\t\t<p style=\"margin-top: 0cm; background: white;\"><span style=\"font-family: Roboto; color: #262626;\">Kuantum Siber G\u00fcvenlik, Yaz\u0131l\u0131m, \u0130nternet, Bili\u015fim Sistemleri ve Dan\u0131\u015fmanl\u0131k Hiz. San.Tic.A.\u015e., undertakes that any information entered for membership will not be shared with 3rd party companies or persons.<br \/>Our e-Store may send campaign information, information about new products and promotional information to its customers and members in some periods. Our members can make all kinds of choices about whether or not to receive such information while becoming a member, and then this selection can be changed in the account information section after logging in as a member.<\/span><\/p><p style=\"margin-top: 0cm; background: white;\"><span style=\"font-family: Roboto; color: #262626;\"><br \/>Only you can access and change all the information you provide while becoming a member. If you protect your member login information securely, it is not possible for others to access and change information about you. For this purpose, it is acted within the 128-bit SSL security area during membership transactions. This system is an international encryption standard that cannot be broken.<\/span><\/p><p style=\"margin-top: 0cm; background: white;\"><span style=\"font-family: Roboto; color: #262626;\">* Kuantum Siber G\u00fcvenlik, Yaz\u0131l\u0131m, \u0130nternet, Bili\u015fim Sistemleri ve Dan\u0131\u015fmanl\u0131k Hiz. San.Tic.A.\u015e.  In case of working with different organizations in order to receive support services, these companies will ensure that they comply with our company's privacy standards and conditions.<br \/><br \/>* The copyrights on the information, materials and their arrangement on our website belong to Kuantum Siber G\u00fcvenlik, Yaz\u0131l\u0131m, \u0130nternet, Bili\u015fim Sistemleri ve Dan\u0131\u015fmanl\u0131k Hiz. San.Tic.A.\u015e.\u2019e aittir.<br \/><br \/>* In order to protect the privacy of our customers' personal information, our company's system and internet infrastructure have been kept at the most reliable level and necessary precautions have been taken. In addition, do not hesitate to consult our company on matters that require information.<br \/><br \/>For all your questions;<br \/>You can reach us at info@kuantumsiberguvenlik.com.tr or 0850 259 30 02 on weekdays between 09:00-18:00 and Saturday 09:00-13:00.\u00a0<\/span><\/p>\t\t\t\t\t\t\t\t<\/div>\n\t\t\t\t<\/div>\n\t\t\t\t<div class=\"elementor-element elementor-element-ca98ff8 elementor-widget elementor-widget-heading\" data-id=\"ca98ff8\" data-element_type=\"widget\" data-e-type=\"widget\" data-widget_type=\"heading.default\">\n\t\t\t\t<div class=\"elementor-widget-container\">\n\t\t\t\t\t<h2 class=\"elementor-heading-title elementor-size-default\">EMAIL SECURITY<\/h2>\t\t\t\t<\/div>\n\t\t\t\t<\/div>\n\t\t\t\t<div class=\"elementor-element elementor-element-3569da3 elementor-widget elementor-widget-text-editor\" data-id=\"3569da3\" data-element_type=\"widget\" data-e-type=\"widget\" data-widget_type=\"text-editor.default\">\n\t\t\t\t<div class=\"elementor-widget-container\">\n\t\t\t\t\t\t\t\t\t<p>Never write down your credit card number or passwords in the e-mails you send to our Customer Service regarding any of your orders. Information contained in e-mails can be viewed by third parties. Our company cannot guarantee the security of the information transmitted from your e-mails under any circumstances.<\/p>\t\t\t\t\t\t\t\t<\/div>\n\t\t\t\t<\/div>\n\t\t\t\t\t<\/div>\n\t\t<\/div>\n\t\t\t\t\t<\/div>\n\t\t<\/section>\n\t\t\t\t\t<\/div>\n\t\t<\/div>\n\t\t\t\t\t<\/div>\n\t\t<\/section>\n\t\t\t\t<\/div>","protected":false},"excerpt":{"rendered":"<p>G\u0130ZL\u0130L\u0130K POL\u0130T\u0130KASI \u00dcYEL\u0130K B\u0130LG\u0130LER\u0130N\u0130Z\u0130N G\u0130ZL\u0130L\u0130\u011e\u0130 VE G\u00dcVENL\u0130\u011e\u0130 Kuantum Siber G\u00fcvenlik, Yaz\u0131l\u0131m, \u0130nternet, Bili\u015fim Sistemleri ve Dan\u0131\u015fmanl\u0131k Hiz. San.Tic.A.\u015e., \u00fcyelik i\u00e7in girilen hi\u00e7 bir bilginin 3. parti firma veya ki\u015filerle payla\u015f\u0131lmayaca\u011f\u0131n\u0131 taahh\u00fct eder.E-Ma\u011fazam\u0131z baz\u0131 d\u00f6nemlerde m\u00fc\u015fterilerine ve \u00fcyelerine kampanya bilgileri, yeni \u00fcr\u00fcnler hakk\u0131nda bilgiler, promosyon bilgileri g\u00f6nderebilir. \u00dcyelerimiz bu gibi bilgileri al\u0131p almama konusunda her t\u00fcrl\u00fc [&hellip;]<\/p>\n","protected":false},"author":1,"featured_media":0,"parent":0,"menu_order":0,"comment_status":"closed","ping_status":"closed","template":"","meta":{"ocean_post_layout":"","ocean_both_sidebars_style":"","ocean_both_sidebars_content_width":0,"ocean_both_sidebars_sidebars_width":0,"ocean_sidebar":"0","ocean_second_sidebar":"0","ocean_disable_margins":"enable","ocean_add_body_class":"","ocean_shortcode_before_top_bar":"","ocean_shortcode_after_top_bar":"","ocean_shortcode_before_header":"","ocean_shortcode_after_header":"","ocean_has_shortcode":"","ocean_shortcode_after_title":"","ocean_shortcode_before_footer_widgets":"","ocean_shortcode_after_footer_widgets":"","ocean_shortcode_before_footer_bottom":"","ocean_shortcode_after_footer_bottom":"","ocean_display_top_bar":"default","ocean_display_header":"default","ocean_header_style":"","ocean_center_header_left_menu":"0","ocean_custom_header_template":"0","ocean_custom_logo":0,"ocean_custom_retina_logo":0,"ocean_custom_logo_max_width":0,"ocean_custom_logo_tablet_max_width":0,"ocean_custom_logo_mobile_max_width":0,"ocean_custom_logo_max_height":0,"ocean_custom_logo_tablet_max_height":0,"ocean_custom_logo_mobile_max_height":0,"ocean_header_custom_menu":"0","ocean_menu_typo_font_family":"0","ocean_menu_typo_font_subset":"","ocean_menu_typo_font_size":0,"ocean_menu_typo_font_size_tablet":0,"ocean_menu_typo_font_size_mobile":0,"ocean_menu_typo_font_size_unit":"px","ocean_menu_typo_font_weight":"","ocean_menu_typo_font_weight_tablet":"","ocean_menu_typo_font_weight_mobile":"","ocean_menu_typo_transform":"","ocean_menu_typo_transform_tablet":"","ocean_menu_typo_transform_mobile":"","ocean_menu_typo_line_height":0,"ocean_menu_typo_line_height_tablet":0,"ocean_menu_typo_line_height_mobile":0,"ocean_menu_typo_line_height_unit":"","ocean_menu_typo_spacing":0,"ocean_menu_typo_spacing_tablet":0,"ocean_menu_typo_spacing_mobile":0,"ocean_menu_typo_spacing_unit":"","ocean_menu_link_color":"","ocean_menu_link_color_hover":"","ocean_menu_link_color_active":"","ocean_menu_link_background":"","ocean_menu_link_hover_background":"","ocean_menu_link_active_background":"","ocean_menu_social_links_bg":"","ocean_menu_social_hover_links_bg":"","ocean_menu_social_links_color":"","ocean_menu_social_hover_links_color":"","ocean_disable_title":"default","ocean_disable_heading":"default","ocean_post_title":"","ocean_post_subheading":"","ocean_post_title_style":"","ocean_post_title_background_color":"","ocean_post_title_background":0,"ocean_post_title_bg_image_position":"","ocean_post_title_bg_image_attachment":"","ocean_post_title_bg_image_repeat":"","ocean_post_title_bg_image_size":"","ocean_post_title_height":0,"ocean_post_title_bg_overlay":0.5,"ocean_post_title_bg_overlay_color":"","ocean_disable_breadcrumbs":"default","ocean_breadcrumbs_color":"","ocean_breadcrumbs_separator_color":"","ocean_breadcrumbs_links_color":"","ocean_breadcrumbs_links_hover_color":"","ocean_display_footer_widgets":"default","ocean_display_footer_bottom":"default","ocean_custom_footer_template":"0","_themeisle_gutenberg_block_has_review":false,"footnotes":""},"class_list":["post-1816","page","type-page","status-publish","hentry","entry","owp-thumbs-layout-horizontal","owp-btn-normal","owp-tabs-layout-horizontal","has-no-thumbnails"],"yoast_head":"<!-- This site is optimized with the Yoast SEO plugin v27.4 - https:\/\/yoast.com\/product\/yoast-seo-wordpress\/ -->\n<title>Gizlilik Politikas\u0131 - Kidswall<\/title>\n<meta name=\"robots\" content=\"index, follow, max-snippet:-1, max-image-preview:large, max-video-preview:-1\" \/>\n<link rel=\"canonical\" href=\"https:\/\/kidswall.com.tr\/en\/gizlilik-politikasi\/\" \/>\n<meta property=\"og:locale\" content=\"en_US\" \/>\n<meta property=\"og:type\" content=\"article\" \/>\n<meta property=\"og:title\" content=\"Gizlilik Politikas\u0131 - Kidswall\" \/>\n<meta property=\"og:description\" content=\"G\u0130ZL\u0130L\u0130K POL\u0130T\u0130KASI \u00dcYEL\u0130K B\u0130LG\u0130LER\u0130N\u0130Z\u0130N G\u0130ZL\u0130L\u0130\u011e\u0130 VE G\u00dcVENL\u0130\u011e\u0130 Kuantum Siber G\u00fcvenlik, Yaz\u0131l\u0131m, \u0130nternet, Bili\u015fim Sistemleri ve Dan\u0131\u015fmanl\u0131k Hiz. San.Tic.A.\u015e., \u00fcyelik i\u00e7in girilen hi\u00e7 bir bilginin 3. parti firma veya ki\u015filerle payla\u015f\u0131lmayaca\u011f\u0131n\u0131 taahh\u00fct eder.E-Ma\u011fazam\u0131z baz\u0131 d\u00f6nemlerde m\u00fc\u015fterilerine ve \u00fcyelerine kampanya bilgileri, yeni \u00fcr\u00fcnler hakk\u0131nda bilgiler, promosyon bilgileri g\u00f6nderebilir. \u00dcyelerimiz bu gibi bilgileri al\u0131p almama konusunda her t\u00fcrl\u00fc [&hellip;]\" \/>\n<meta property=\"og:url\" content=\"https:\/\/kidswall.com.tr\/en\/gizlilik-politikasi\/\" \/>\n<meta property=\"og:site_name\" content=\"Kidswall\" \/>\n<meta property=\"article:modified_time\" content=\"2022-12-03T07:13:48+00:00\" \/>\n<meta name=\"twitter:card\" content=\"summary_large_image\" \/>\n<meta name=\"twitter:label1\" content=\"Est. reading time\" \/>\n\t<meta name=\"twitter:data1\" content=\"2 minutes\" \/>\n<script type=\"application\/ld+json\" class=\"yoast-schema-graph\">{\"@context\":\"https:\\\/\\\/schema.org\",\"@graph\":[{\"@type\":\"WebPage\",\"@id\":\"https:\\\/\\\/kidswall.com.tr\\\/gizlilik-politikasi\\\/\",\"url\":\"https:\\\/\\\/kidswall.com.tr\\\/gizlilik-politikasi\\\/\",\"name\":\"Gizlilik Politikas\u0131 - Kidswall\",\"isPartOf\":{\"@id\":\"https:\\\/\\\/kidswall.com.tr\\\/#website\"},\"datePublished\":\"2022-12-02T09:52:14+00:00\",\"dateModified\":\"2022-12-03T07:13:48+00:00\",\"breadcrumb\":{\"@id\":\"https:\\\/\\\/kidswall.com.tr\\\/gizlilik-politikasi\\\/#breadcrumb\"},\"inLanguage\":\"en-US\",\"potentialAction\":[{\"@type\":\"ReadAction\",\"target\":[\"https:\\\/\\\/kidswall.com.tr\\\/gizlilik-politikasi\\\/\"]}]},{\"@type\":\"BreadcrumbList\",\"@id\":\"https:\\\/\\\/kidswall.com.tr\\\/gizlilik-politikasi\\\/#breadcrumb\",\"itemListElement\":[{\"@type\":\"ListItem\",\"position\":1,\"name\":\"Anasayfa\",\"item\":\"https:\\\/\\\/kidswall.com.tr\\\/\"},{\"@type\":\"ListItem\",\"position\":2,\"name\":\"Gizlilik Politikas\u0131\"}]},{\"@type\":\"WebSite\",\"@id\":\"https:\\\/\\\/kidswall.com.tr\\\/#website\",\"url\":\"https:\\\/\\\/kidswall.com.tr\\\/\",\"name\":\"Kidswall\",\"description\":\"G&uuml;vensiz D&uuml;nyada G&uuml;vende Kal\",\"publisher\":{\"@id\":\"https:\\\/\\\/kidswall.com.tr\\\/#organization\"},\"potentialAction\":[{\"@type\":\"SearchAction\",\"target\":{\"@type\":\"EntryPoint\",\"urlTemplate\":\"https:\\\/\\\/kidswall.com.tr\\\/?s={search_term_string}\"},\"query-input\":{\"@type\":\"PropertyValueSpecification\",\"valueRequired\":true,\"valueName\":\"search_term_string\"}}],\"inLanguage\":\"en-US\"},{\"@type\":\"Organization\",\"@id\":\"https:\\\/\\\/kidswall.com.tr\\\/#organization\",\"name\":\"Kidswall\",\"url\":\"https:\\\/\\\/kidswall.com.tr\\\/\",\"logo\":{\"@type\":\"ImageObject\",\"inLanguage\":\"en-US\",\"@id\":\"https:\\\/\\\/kidswall.com.tr\\\/#\\\/schema\\\/logo\\\/image\\\/\",\"url\":\"https:\\\/\\\/kidswall.com.tr\\\/wp-content\\\/uploads\\\/2021\\\/10\\\/kidswall.png\",\"contentUrl\":\"https:\\\/\\\/kidswall.com.tr\\\/wp-content\\\/uploads\\\/2021\\\/10\\\/kidswall.png\",\"width\":713,\"height\":156,\"caption\":\"Kidswall\"},\"image\":{\"@id\":\"https:\\\/\\\/kidswall.com.tr\\\/#\\\/schema\\\/logo\\\/image\\\/\"}}]}<\/script>\n<!-- \/ Yoast SEO plugin. -->","yoast_head_json":{"title":"Gizlilik Politikas\u0131 - Kidswall","robots":{"index":"index","follow":"follow","max-snippet":"max-snippet:-1","max-image-preview":"max-image-preview:large","max-video-preview":"max-video-preview:-1"},"canonical":"https:\/\/kidswall.com.tr\/en\/gizlilik-politikasi\/","og_locale":"en_US","og_type":"article","og_title":"Gizlilik Politikas\u0131 - Kidswall","og_description":"G\u0130ZL\u0130L\u0130K POL\u0130T\u0130KASI \u00dcYEL\u0130K B\u0130LG\u0130LER\u0130N\u0130Z\u0130N G\u0130ZL\u0130L\u0130\u011e\u0130 VE G\u00dcVENL\u0130\u011e\u0130 Kuantum Siber G\u00fcvenlik, Yaz\u0131l\u0131m, \u0130nternet, Bili\u015fim Sistemleri ve Dan\u0131\u015fmanl\u0131k Hiz. San.Tic.A.\u015e., \u00fcyelik i\u00e7in girilen hi\u00e7 bir bilginin 3. parti firma veya ki\u015filerle payla\u015f\u0131lmayaca\u011f\u0131n\u0131 taahh\u00fct eder.E-Ma\u011fazam\u0131z baz\u0131 d\u00f6nemlerde m\u00fc\u015fterilerine ve \u00fcyelerine kampanya bilgileri, yeni \u00fcr\u00fcnler hakk\u0131nda bilgiler, promosyon bilgileri g\u00f6nderebilir. \u00dcyelerimiz bu gibi bilgileri al\u0131p almama konusunda her t\u00fcrl\u00fc [&hellip;]","og_url":"https:\/\/kidswall.com.tr\/en\/gizlilik-politikasi\/","og_site_name":"Kidswall","article_modified_time":"2022-12-03T07:13:48+00:00","twitter_card":"summary_large_image","twitter_misc":{"Est. reading time":"2 minutes"},"schema":{"@context":"https:\/\/schema.org","@graph":[{"@type":"WebPage","@id":"https:\/\/kidswall.com.tr\/gizlilik-politikasi\/","url":"https:\/\/kidswall.com.tr\/gizlilik-politikasi\/","name":"Gizlilik Politikas\u0131 - Kidswall","isPartOf":{"@id":"https:\/\/kidswall.com.tr\/#website"},"datePublished":"2022-12-02T09:52:14+00:00","dateModified":"2022-12-03T07:13:48+00:00","breadcrumb":{"@id":"https:\/\/kidswall.com.tr\/gizlilik-politikasi\/#breadcrumb"},"inLanguage":"en-US","potentialAction":[{"@type":"ReadAction","target":["https:\/\/kidswall.com.tr\/gizlilik-politikasi\/"]}]},{"@type":"BreadcrumbList","@id":"https:\/\/kidswall.com.tr\/gizlilik-politikasi\/#breadcrumb","itemListElement":[{"@type":"ListItem","position":1,"name":"Anasayfa","item":"https:\/\/kidswall.com.tr\/"},{"@type":"ListItem","position":2,"name":"Gizlilik Politikas\u0131"}]},{"@type":"WebSite","@id":"https:\/\/kidswall.com.tr\/#website","url":"https:\/\/kidswall.com.tr\/","name":"Kidswall","description":"G&uuml;vensiz D&uuml;nyada G&uuml;vende Kal","publisher":{"@id":"https:\/\/kidswall.com.tr\/#organization"},"potentialAction":[{"@type":"SearchAction","target":{"@type":"EntryPoint","urlTemplate":"https:\/\/kidswall.com.tr\/?s={search_term_string}"},"query-input":{"@type":"PropertyValueSpecification","valueRequired":true,"valueName":"search_term_string"}}],"inLanguage":"en-US"},{"@type":"Organization","@id":"https:\/\/kidswall.com.tr\/#organization","name":"Kidswall","url":"https:\/\/kidswall.com.tr\/","logo":{"@type":"ImageObject","inLanguage":"en-US","@id":"https:\/\/kidswall.com.tr\/#\/schema\/logo\/image\/","url":"https:\/\/kidswall.com.tr\/wp-content\/uploads\/2021\/10\/kidswall.png","contentUrl":"https:\/\/kidswall.com.tr\/wp-content\/uploads\/2021\/10\/kidswall.png","width":713,"height":156,"caption":"Kidswall"},"image":{"@id":"https:\/\/kidswall.com.tr\/#\/schema\/logo\/image\/"}}]}},"_links":{"self":[{"href":"https:\/\/kidswall.com.tr\/en\/wp-json\/wp\/v2\/pages\/1816","targetHints":{"allow":["GET"]}}],"collection":[{"href":"https:\/\/kidswall.com.tr\/en\/wp-json\/wp\/v2\/pages"}],"about":[{"href":"https:\/\/kidswall.com.tr\/en\/wp-json\/wp\/v2\/types\/page"}],"author":[{"embeddable":true,"href":"https:\/\/kidswall.com.tr\/en\/wp-json\/wp\/v2\/users\/1"}],"replies":[{"embeddable":true,"href":"https:\/\/kidswall.com.tr\/en\/wp-json\/wp\/v2\/comments?post=1816"}],"version-history":[{"count":5,"href":"https:\/\/kidswall.com.tr\/en\/wp-json\/wp\/v2\/pages\/1816\/revisions"}],"predecessor-version":[{"id":1897,"href":"https:\/\/kidswall.com.tr\/en\/wp-json\/wp\/v2\/pages\/1816\/revisions\/1897"}],"wp:attachment":[{"href":"https:\/\/kidswall.com.tr\/en\/wp-json\/wp\/v2\/media?parent=1816"}],"curies":[{"name":"wp","href":"https:\/\/api.w.org\/{rel}","templated":true}]}}