{"id":1812,"date":"2022-12-02T12:51:44","date_gmt":"2022-12-02T09:51:44","guid":{"rendered":"https:\/\/kidswall.com.tr\/?page_id=1812"},"modified":"2022-12-05T13:38:25","modified_gmt":"2022-12-05T10:38:25","slug":"iptal-iade-degisim","status":"publish","type":"page","link":"https:\/\/kidswall.com.tr\/en\/iptal-iade-degisim\/","title":{"rendered":"\u0130ptal, \u0130ade ve De\u011fi\u015fim"},"content":{"rendered":"<div data-elementor-type=\"wp-page\" data-elementor-id=\"1812\" class=\"elementor elementor-1812\">\n\t\t\t\t\t\t<section class=\"elementor-section elementor-top-section elementor-element elementor-element-bf800d4 elementor-section-boxed elementor-section-height-default elementor-section-height-default\" data-id=\"bf800d4\" data-element_type=\"section\" data-e-type=\"section\">\n\t\t\t\t\t\t<div class=\"elementor-container elementor-column-gap-default\">\n\t\t\t\t\t<div class=\"elementor-column elementor-col-100 elementor-top-column elementor-element elementor-element-810dd52\" data-id=\"810dd52\" data-element_type=\"column\" data-e-type=\"column\">\n\t\t\t<div class=\"elementor-widget-wrap elementor-element-populated\">\n\t\t\t\t\t\t<section class=\"elementor-section elementor-inner-section elementor-element elementor-element-0743847 elementor-section-boxed elementor-section-height-default elementor-section-height-default\" data-id=\"0743847\" data-element_type=\"section\" data-e-type=\"section\">\n\t\t\t\t\t\t<div class=\"elementor-container elementor-column-gap-default\">\n\t\t\t\t\t<div class=\"elementor-column elementor-col-100 elementor-inner-column elementor-element elementor-element-0a66832\" data-id=\"0a66832\" data-element_type=\"column\" data-e-type=\"column\">\n\t\t\t<div class=\"elementor-widget-wrap elementor-element-populated\">\n\t\t\t\t\t\t<div class=\"elementor-element elementor-element-7168190 elementor-widget elementor-widget-heading\" data-id=\"7168190\" data-element_type=\"widget\" data-e-type=\"widget\" data-widget_type=\"heading.default\">\n\t\t\t\t<div class=\"elementor-widget-container\">\n\t\t\t\t\t<h1 class=\"elementor-heading-title elementor-size-default\">TERMS OF RETURN AND EXCHANGE<\/h1>\t\t\t\t<\/div>\n\t\t\t\t<\/div>\n\t\t\t\t<div class=\"elementor-element elementor-element-88312f9 elementor-widget elementor-widget-text-editor\" data-id=\"88312f9\" data-element_type=\"widget\" data-e-type=\"widget\" data-widget_type=\"text-editor.default\">\n\t\t\t\t<div class=\"elementor-widget-container\">\n\t\t\t\t\t\t\t\t\t<p>Return and Exchange of Products You Have Purchased Online<\/p><p><strong>Can I exchange a product?<\/strong><\/p><p>Product changes are made by our Kuantum Siber G\u00fcvenlik, Yaz\u0131l\u0131m, \u0130nternet, Bili\u015fim Sistemleri ve Dan\u0131\u015fmanl\u0131k Hiz. San.Tic.A.\u015e. Company within 30 days from the invoice date (provided that the product has not lost its resaleability feature and has not been used.<\/p><p><strong>What are the return conditions?<\/strong><\/p><p>If you want to return your products due to a problem (damage, malfunction, etc.), dislike of the product or lack of the product after receiving your order, you can fill the return request form on the back of the invoice within thirty (30) working days from the date of receipt of the products, and return the product in its original packaging. intact, along with all documents sent to you. It is necessary to pay attention to some issues when returning the product. These;<\/p><ul><li>The product(s) must be in its original packaging undamaged, unused, not damaged as a result of misuse.<\/li><li>You must contact your Customer Representative and fill out the return request form and send all copies of the product's sales invoice with the products if they are to be returned.<\/li><li>If the invoice of the product is corporate, you must send it together with a return invoice issued by the institution for the return process, without including the cargo share, issued as 'Product Unit Price + VAT'. Order returns whose invoices are issued on behalf of institutions cannot be received unless a return invoice is issued. The return form on the back of the invoice must be filled out by making a photocopy.<\/li><li>The customer is obliged to return the product as it was when it was delivered to her\/him, and in case of use, to compensate the loss in the commercial value of the goods due to use.<\/li><li>If one of the promotional or campaigned products is returned, the promotional conditions are eliminated. Non-promotional price is applied for non-refundable product.<\/li><li>In case the customer returns the product or withdraws from the purchase, the product price will be refunded within ten (10) business days from the time the returned product reaches us.<\/li><li>After your product reaches us, it will be examined by the relevant units and approved for its return. This process takes an average of ten (10) business days.<\/li><li>When a product is returned for which shipping has been paid, only the amount written on the invoice of the product is refunded. Shipping fee is not refundable.<\/li><li>The review period of the products you send to our company for review is 20 working days.<\/li><\/ul><p>20 i\u015f g\u00fcn\u00fc sonunda olumlu veya olumsuz geri d\u00f6n\u00fc\u015f yap\u0131lmaktad\u0131r<\/p><p><strong>Will I pay for the shipping fee on the return?<\/strong><\/p><p>You can send the products you want to return\/change to the address below by courier within 30 days from the invoice date. Shipping costs are your responsibility.<\/p><p>Kuantum Siber G\u00fcvenlik, Yaz\u0131l\u0131m, \u0130nternet, Bili\u015fim Sistemleri ve Dan\u0131\u015fmanl\u0131k Hiz. San.Tic.A.\u015e.<\/p><p>\u00c7\u0131nartepe, Adnan Menderes Caddesi No:91C Teknopark Zonguldak\/Merkez<\/p><p><strong>Can I return the products to your workplace by hand?<\/strong><\/p><p>Yes, you can return your products to our workplace.<\/p><p>- Returns or exchanges of products sent to our workplace are made within 10 working days after we receive the product.<\/p>\t\t\t\t\t\t\t\t<\/div>\n\t\t\t\t<\/div>\n\t\t\t\t\t<\/div>\n\t\t<\/div>\n\t\t\t\t\t<\/div>\n\t\t<\/section>\n\t\t\t\t\t<\/div>\n\t\t<\/div>\n\t\t\t\t\t<\/div>\n\t\t<\/section>\n\t\t\t\t<\/div>","protected":false},"excerpt":{"rendered":"<p>\u0130ADE VE DE\u011e\u0130\u015e\u0130M \u015eARTLARI Online Sat\u0131n Alm\u0131\u015f Oldu\u011funuz \u00dcr\u00fcnlerin \u0130adesi ve De\u011fi\u015fimi \u00dcr\u00fcn de\u011fi\u015fimi yapabilir miyim? \u00dcr\u00fcn de\u011fi\u015fimleri fatura tarihinden itibaren 30 g\u00fcn i\u00e7erisinde (\u00fcr\u00fcn\u00fcn tekrar sat\u0131labilirlik \u00f6zelli\u011fini kaybetmemi\u015f ve kullan\u0131lmam\u0131\u015f olmas\u0131 ko\u015fuluyla Kuantum Siber G\u00fcvenlik, Yaz\u0131l\u0131m, \u0130nternet, Bili\u015fim Sistemleri ve Dan\u0131\u015fmanl\u0131k Hiz. San.Tic.A.\u015e. Firmam\u0131zdan yap\u0131lmaktad\u0131r. \u0130ade \u015fartlar\u0131 nelerdir? Sipari\u015finizi teslim ald\u0131ktan sonra \u00fcr\u00fcnlerinizden kaynaklanan [&hellip;]<\/p>\n","protected":false},"author":1,"featured_media":0,"parent":0,"menu_order":0,"comment_status":"closed","ping_status":"closed","template":"","meta":{"ocean_post_layout":"","ocean_both_sidebars_style":"","ocean_both_sidebars_content_width":0,"ocean_both_sidebars_sidebars_width":0,"ocean_sidebar":"0","ocean_second_sidebar":"0","ocean_disable_margins":"enable","ocean_add_body_class":"","ocean_shortcode_before_top_bar":"","ocean_shortcode_after_top_bar":"","ocean_shortcode_before_header":"","ocean_shortcode_after_header":"","ocean_has_shortcode":"","ocean_shortcode_after_title":"","ocean_shortcode_before_footer_widgets":"","ocean_shortcode_after_footer_widgets":"","ocean_shortcode_before_footer_bottom":"","ocean_shortcode_after_footer_bottom":"","ocean_display_top_bar":"default","ocean_display_header":"default","ocean_header_style":"","ocean_center_header_left_menu":"0","ocean_custom_header_template":"0","ocean_custom_logo":0,"ocean_custom_retina_logo":0,"ocean_custom_logo_max_width":0,"ocean_custom_logo_tablet_max_width":0,"ocean_custom_logo_mobile_max_width":0,"ocean_custom_logo_max_height":0,"ocean_custom_logo_tablet_max_height":0,"ocean_custom_logo_mobile_max_height":0,"ocean_header_custom_menu":"0","ocean_menu_typo_font_family":"0","ocean_menu_typo_font_subset":"","ocean_menu_typo_font_size":0,"ocean_menu_typo_font_size_tablet":0,"ocean_menu_typo_font_size_mobile":0,"ocean_menu_typo_font_size_unit":"px","ocean_menu_typo_font_weight":"","ocean_menu_typo_font_weight_tablet":"","ocean_menu_typo_font_weight_mobile":"","ocean_menu_typo_transform":"","ocean_menu_typo_transform_tablet":"","ocean_menu_typo_transform_mobile":"","ocean_menu_typo_line_height":0,"ocean_menu_typo_line_height_tablet":0,"ocean_menu_typo_line_height_mobile":0,"ocean_menu_typo_line_height_unit":"","ocean_menu_typo_spacing":0,"ocean_menu_typo_spacing_tablet":0,"ocean_menu_typo_spacing_mobile":0,"ocean_menu_typo_spacing_unit":"","ocean_menu_link_color":"","ocean_menu_link_color_hover":"","ocean_menu_link_color_active":"","ocean_menu_link_background":"","ocean_menu_link_hover_background":"","ocean_menu_link_active_background":"","ocean_menu_social_links_bg":"","ocean_menu_social_hover_links_bg":"","ocean_menu_social_links_color":"","ocean_menu_social_hover_links_color":"","ocean_disable_title":"default","ocean_disable_heading":"default","ocean_post_title":"","ocean_post_subheading":"","ocean_post_title_style":"","ocean_post_title_background_color":"","ocean_post_title_background":0,"ocean_post_title_bg_image_position":"","ocean_post_title_bg_image_attachment":"","ocean_post_title_bg_image_repeat":"","ocean_post_title_bg_image_size":"","ocean_post_title_height":0,"ocean_post_title_bg_overlay":0.5,"ocean_post_title_bg_overlay_color":"","ocean_disable_breadcrumbs":"default","ocean_breadcrumbs_color":"","ocean_breadcrumbs_separator_color":"","ocean_breadcrumbs_links_color":"","ocean_breadcrumbs_links_hover_color":"","ocean_display_footer_widgets":"default","ocean_display_footer_bottom":"default","ocean_custom_footer_template":"0","_themeisle_gutenberg_block_has_review":false,"footnotes":""},"class_list":["post-1812","page","type-page","status-publish","hentry","entry","owp-thumbs-layout-horizontal","owp-btn-normal","owp-tabs-layout-horizontal","has-no-thumbnails"],"yoast_head":"<!-- This site is optimized with the Yoast SEO plugin v27.4 - https:\/\/yoast.com\/product\/yoast-seo-wordpress\/ -->\n<title>\u0130ptal, \u0130ade ve De\u011fi\u015fim - Kidswall<\/title>\n<meta name=\"robots\" content=\"index, follow, max-snippet:-1, max-image-preview:large, max-video-preview:-1\" \/>\n<link rel=\"canonical\" href=\"https:\/\/kidswall.com.tr\/en\/iptal-iade-degisim\/\" \/>\n<meta property=\"og:locale\" content=\"en_US\" \/>\n<meta property=\"og:type\" content=\"article\" \/>\n<meta property=\"og:title\" content=\"\u0130ptal, \u0130ade ve De\u011fi\u015fim - Kidswall\" \/>\n<meta property=\"og:description\" content=\"\u0130ADE VE DE\u011e\u0130\u015e\u0130M \u015eARTLARI Online Sat\u0131n Alm\u0131\u015f Oldu\u011funuz \u00dcr\u00fcnlerin \u0130adesi ve De\u011fi\u015fimi \u00dcr\u00fcn de\u011fi\u015fimi yapabilir miyim? \u00dcr\u00fcn de\u011fi\u015fimleri fatura tarihinden itibaren 30 g\u00fcn i\u00e7erisinde (\u00fcr\u00fcn\u00fcn tekrar sat\u0131labilirlik \u00f6zelli\u011fini kaybetmemi\u015f ve kullan\u0131lmam\u0131\u015f olmas\u0131 ko\u015fuluyla Kuantum Siber G\u00fcvenlik, Yaz\u0131l\u0131m, \u0130nternet, Bili\u015fim Sistemleri ve Dan\u0131\u015fmanl\u0131k Hiz. San.Tic.A.\u015e. Firmam\u0131zdan yap\u0131lmaktad\u0131r. \u0130ade \u015fartlar\u0131 nelerdir? Sipari\u015finizi teslim ald\u0131ktan sonra \u00fcr\u00fcnlerinizden kaynaklanan [&hellip;]\" \/>\n<meta property=\"og:url\" content=\"https:\/\/kidswall.com.tr\/en\/iptal-iade-degisim\/\" \/>\n<meta property=\"og:site_name\" content=\"Kidswall\" \/>\n<meta property=\"article:modified_time\" content=\"2022-12-05T10:38:25+00:00\" \/>\n<meta name=\"twitter:card\" content=\"summary_large_image\" \/>\n<meta name=\"twitter:label1\" content=\"Est. reading time\" \/>\n\t<meta name=\"twitter:data1\" content=\"3 minutes\" \/>\n<script type=\"application\/ld+json\" class=\"yoast-schema-graph\">{\"@context\":\"https:\\\/\\\/schema.org\",\"@graph\":[{\"@type\":\"WebPage\",\"@id\":\"https:\\\/\\\/kidswall.com.tr\\\/iptal-iade-degisim\\\/\",\"url\":\"https:\\\/\\\/kidswall.com.tr\\\/iptal-iade-degisim\\\/\",\"name\":\"\u0130ptal, \u0130ade ve De\u011fi\u015fim - Kidswall\",\"isPartOf\":{\"@id\":\"https:\\\/\\\/kidswall.com.tr\\\/#website\"},\"datePublished\":\"2022-12-02T09:51:44+00:00\",\"dateModified\":\"2022-12-05T10:38:25+00:00\",\"breadcrumb\":{\"@id\":\"https:\\\/\\\/kidswall.com.tr\\\/iptal-iade-degisim\\\/#breadcrumb\"},\"inLanguage\":\"en-US\",\"potentialAction\":[{\"@type\":\"ReadAction\",\"target\":[\"https:\\\/\\\/kidswall.com.tr\\\/iptal-iade-degisim\\\/\"]}]},{\"@type\":\"BreadcrumbList\",\"@id\":\"https:\\\/\\\/kidswall.com.tr\\\/iptal-iade-degisim\\\/#breadcrumb\",\"itemListElement\":[{\"@type\":\"ListItem\",\"position\":1,\"name\":\"Anasayfa\",\"item\":\"https:\\\/\\\/kidswall.com.tr\\\/\"},{\"@type\":\"ListItem\",\"position\":2,\"name\":\"\u0130ptal, \u0130ade ve De\u011fi\u015fim\"}]},{\"@type\":\"WebSite\",\"@id\":\"https:\\\/\\\/kidswall.com.tr\\\/#website\",\"url\":\"https:\\\/\\\/kidswall.com.tr\\\/\",\"name\":\"Kidswall\",\"description\":\"G&uuml;vensiz D&uuml;nyada G&uuml;vende Kal\",\"publisher\":{\"@id\":\"https:\\\/\\\/kidswall.com.tr\\\/#organization\"},\"potentialAction\":[{\"@type\":\"SearchAction\",\"target\":{\"@type\":\"EntryPoint\",\"urlTemplate\":\"https:\\\/\\\/kidswall.com.tr\\\/?s={search_term_string}\"},\"query-input\":{\"@type\":\"PropertyValueSpecification\",\"valueRequired\":true,\"valueName\":\"search_term_string\"}}],\"inLanguage\":\"en-US\"},{\"@type\":\"Organization\",\"@id\":\"https:\\\/\\\/kidswall.com.tr\\\/#organization\",\"name\":\"Kidswall\",\"url\":\"https:\\\/\\\/kidswall.com.tr\\\/\",\"logo\":{\"@type\":\"ImageObject\",\"inLanguage\":\"en-US\",\"@id\":\"https:\\\/\\\/kidswall.com.tr\\\/#\\\/schema\\\/logo\\\/image\\\/\",\"url\":\"https:\\\/\\\/kidswall.com.tr\\\/wp-content\\\/uploads\\\/2021\\\/10\\\/kidswall.png\",\"contentUrl\":\"https:\\\/\\\/kidswall.com.tr\\\/wp-content\\\/uploads\\\/2021\\\/10\\\/kidswall.png\",\"width\":713,\"height\":156,\"caption\":\"Kidswall\"},\"image\":{\"@id\":\"https:\\\/\\\/kidswall.com.tr\\\/#\\\/schema\\\/logo\\\/image\\\/\"}}]}<\/script>\n<!-- \/ Yoast SEO plugin. -->","yoast_head_json":{"title":"\u0130ptal, \u0130ade ve De\u011fi\u015fim - Kidswall","robots":{"index":"index","follow":"follow","max-snippet":"max-snippet:-1","max-image-preview":"max-image-preview:large","max-video-preview":"max-video-preview:-1"},"canonical":"https:\/\/kidswall.com.tr\/en\/iptal-iade-degisim\/","og_locale":"en_US","og_type":"article","og_title":"\u0130ptal, \u0130ade ve De\u011fi\u015fim - Kidswall","og_description":"\u0130ADE VE DE\u011e\u0130\u015e\u0130M \u015eARTLARI Online Sat\u0131n Alm\u0131\u015f Oldu\u011funuz \u00dcr\u00fcnlerin \u0130adesi ve De\u011fi\u015fimi \u00dcr\u00fcn de\u011fi\u015fimi yapabilir miyim? \u00dcr\u00fcn de\u011fi\u015fimleri fatura tarihinden itibaren 30 g\u00fcn i\u00e7erisinde (\u00fcr\u00fcn\u00fcn tekrar sat\u0131labilirlik \u00f6zelli\u011fini kaybetmemi\u015f ve kullan\u0131lmam\u0131\u015f olmas\u0131 ko\u015fuluyla Kuantum Siber G\u00fcvenlik, Yaz\u0131l\u0131m, \u0130nternet, Bili\u015fim Sistemleri ve Dan\u0131\u015fmanl\u0131k Hiz. San.Tic.A.\u015e. Firmam\u0131zdan yap\u0131lmaktad\u0131r. \u0130ade \u015fartlar\u0131 nelerdir? Sipari\u015finizi teslim ald\u0131ktan sonra \u00fcr\u00fcnlerinizden kaynaklanan [&hellip;]","og_url":"https:\/\/kidswall.com.tr\/en\/iptal-iade-degisim\/","og_site_name":"Kidswall","article_modified_time":"2022-12-05T10:38:25+00:00","twitter_card":"summary_large_image","twitter_misc":{"Est. reading time":"3 minutes"},"schema":{"@context":"https:\/\/schema.org","@graph":[{"@type":"WebPage","@id":"https:\/\/kidswall.com.tr\/iptal-iade-degisim\/","url":"https:\/\/kidswall.com.tr\/iptal-iade-degisim\/","name":"\u0130ptal, \u0130ade ve De\u011fi\u015fim - Kidswall","isPartOf":{"@id":"https:\/\/kidswall.com.tr\/#website"},"datePublished":"2022-12-02T09:51:44+00:00","dateModified":"2022-12-05T10:38:25+00:00","breadcrumb":{"@id":"https:\/\/kidswall.com.tr\/iptal-iade-degisim\/#breadcrumb"},"inLanguage":"en-US","potentialAction":[{"@type":"ReadAction","target":["https:\/\/kidswall.com.tr\/iptal-iade-degisim\/"]}]},{"@type":"BreadcrumbList","@id":"https:\/\/kidswall.com.tr\/iptal-iade-degisim\/#breadcrumb","itemListElement":[{"@type":"ListItem","position":1,"name":"Anasayfa","item":"https:\/\/kidswall.com.tr\/"},{"@type":"ListItem","position":2,"name":"\u0130ptal, \u0130ade ve De\u011fi\u015fim"}]},{"@type":"WebSite","@id":"https:\/\/kidswall.com.tr\/#website","url":"https:\/\/kidswall.com.tr\/","name":"Kidswall","description":"G&uuml;vensiz D&uuml;nyada G&uuml;vende Kal","publisher":{"@id":"https:\/\/kidswall.com.tr\/#organization"},"potentialAction":[{"@type":"SearchAction","target":{"@type":"EntryPoint","urlTemplate":"https:\/\/kidswall.com.tr\/?s={search_term_string}"},"query-input":{"@type":"PropertyValueSpecification","valueRequired":true,"valueName":"search_term_string"}}],"inLanguage":"en-US"},{"@type":"Organization","@id":"https:\/\/kidswall.com.tr\/#organization","name":"Kidswall","url":"https:\/\/kidswall.com.tr\/","logo":{"@type":"ImageObject","inLanguage":"en-US","@id":"https:\/\/kidswall.com.tr\/#\/schema\/logo\/image\/","url":"https:\/\/kidswall.com.tr\/wp-content\/uploads\/2021\/10\/kidswall.png","contentUrl":"https:\/\/kidswall.com.tr\/wp-content\/uploads\/2021\/10\/kidswall.png","width":713,"height":156,"caption":"Kidswall"},"image":{"@id":"https:\/\/kidswall.com.tr\/#\/schema\/logo\/image\/"}}]}},"_links":{"self":[{"href":"https:\/\/kidswall.com.tr\/en\/wp-json\/wp\/v2\/pages\/1812","targetHints":{"allow":["GET"]}}],"collection":[{"href":"https:\/\/kidswall.com.tr\/en\/wp-json\/wp\/v2\/pages"}],"about":[{"href":"https:\/\/kidswall.com.tr\/en\/wp-json\/wp\/v2\/types\/page"}],"author":[{"embeddable":true,"href":"https:\/\/kidswall.com.tr\/en\/wp-json\/wp\/v2\/users\/1"}],"replies":[{"embeddable":true,"href":"https:\/\/kidswall.com.tr\/en\/wp-json\/wp\/v2\/comments?post=1812"}],"version-history":[{"count":11,"href":"https:\/\/kidswall.com.tr\/en\/wp-json\/wp\/v2\/pages\/1812\/revisions"}],"predecessor-version":[{"id":1942,"href":"https:\/\/kidswall.com.tr\/en\/wp-json\/wp\/v2\/pages\/1812\/revisions\/1942"}],"wp:attachment":[{"href":"https:\/\/kidswall.com.tr\/en\/wp-json\/wp\/v2\/media?parent=1812"}],"curies":[{"name":"wp","href":"https:\/\/api.w.org\/{rel}","templated":true}]}}