{"id":1809,"date":"2022-12-02T12:50:23","date_gmt":"2022-12-02T09:50:23","guid":{"rendered":"https:\/\/kidswall.com.tr\/?page_id=1809"},"modified":"2022-12-02T16:12:21","modified_gmt":"2022-12-02T13:12:21","slug":"havale-hesap-bilgileri","status":"publish","type":"page","link":"https:\/\/kidswall.com.tr\/en\/havale-hesap-bilgileri\/","title":{"rendered":"Remittance Account Information"},"content":{"rendered":"<div data-elementor-type=\"wp-page\" data-elementor-id=\"1809\" class=\"elementor elementor-1809\">\n\t\t\t\t\t\t<section class=\"elementor-section elementor-top-section elementor-element elementor-element-6faf2a3 elementor-section-boxed elementor-section-height-default elementor-section-height-default\" data-id=\"6faf2a3\" data-element_type=\"section\" data-e-type=\"section\">\n\t\t\t\t\t\t<div class=\"elementor-container elementor-column-gap-default\">\n\t\t\t\t\t<div class=\"elementor-column elementor-col-100 elementor-top-column elementor-element elementor-element-8894ea7\" data-id=\"8894ea7\" data-element_type=\"column\" data-e-type=\"column\">\n\t\t\t<div class=\"elementor-widget-wrap elementor-element-populated\">\n\t\t\t\t\t\t<section class=\"elementor-section elementor-inner-section elementor-element elementor-element-8439494 elementor-section-boxed elementor-section-height-default elementor-section-height-default\" data-id=\"8439494\" data-element_type=\"section\" data-e-type=\"section\">\n\t\t\t\t\t\t<div class=\"elementor-container elementor-column-gap-default\">\n\t\t\t\t\t<div class=\"elementor-column elementor-col-100 elementor-inner-column elementor-element elementor-element-42f82a9\" data-id=\"42f82a9\" data-element_type=\"column\" data-e-type=\"column\">\n\t\t\t<div class=\"elementor-widget-wrap elementor-element-populated\">\n\t\t\t\t\t\t<div class=\"elementor-element elementor-element-0247db8 elementor-widget elementor-widget-text-editor\" data-id=\"0247db8\" data-element_type=\"widget\" data-e-type=\"widget\" data-widget_type=\"text-editor.default\">\n\t\t\t\t<div class=\"elementor-widget-container\">\n\t\t\t\t\t\t\t\t\t<p><strong>Havale\/EFT &#8211; Banka Hesap Bilgilerimiz<\/strong><\/p>\t\t\t\t\t\t\t\t<\/div>\n\t\t\t\t<\/div>\n\t\t\t\t\t<\/div>\n\t\t<\/div>\n\t\t\t\t\t<\/div>\n\t\t<\/section>\n\t\t\t\t<section class=\"elementor-section elementor-inner-section elementor-element elementor-element-0358adb elementor-section-boxed elementor-section-height-default elementor-section-height-default\" data-id=\"0358adb\" data-element_type=\"section\" data-e-type=\"section\">\n\t\t\t\t\t\t<div class=\"elementor-container elementor-column-gap-default\">\n\t\t\t\t\t<div class=\"elementor-column elementor-col-100 elementor-inner-column elementor-element elementor-element-71b40ab\" data-id=\"71b40ab\" data-element_type=\"column\" data-e-type=\"column\">\n\t\t\t<div class=\"elementor-widget-wrap elementor-element-populated\">\n\t\t\t\t\t\t<div class=\"elementor-element elementor-element-29fc36d elementor-widget elementor-widget-image\" data-id=\"29fc36d\" data-element_type=\"widget\" data-e-type=\"widget\" data-widget_type=\"image.default\">\n\t\t\t\t<div class=\"elementor-widget-container\">\n\t\t\t\t\t\t\t\t\t\t\t\t\t\t\t<img decoding=\"async\" width=\"300\" height=\"63\" src=\"https:\/\/kidswall.com.tr\/wp-content\/uploads\/2022\/12\/Ziraat_Bankasi-300x63.png\" class=\"attachment-medium size-medium wp-image-1859\" alt=\"\" srcset=\"https:\/\/kidswall.com.tr\/wp-content\/uploads\/2022\/12\/Ziraat_Bankasi-300x63.png 300w, https:\/\/kidswall.com.tr\/wp-content\/uploads\/2022\/12\/Ziraat_Bankasi-18x4.png 18w, https:\/\/kidswall.com.tr\/wp-content\/uploads\/2022\/12\/Ziraat_Bankasi.png 438w\" sizes=\"(max-width: 300px) 100vw, 300px\" \/>\t\t\t\t\t\t\t\t\t\t\t\t\t\t\t<\/div>\n\t\t\t\t<\/div>\n\t\t\t\t<div class=\"elementor-element elementor-element-1b8f3f7 elementor-widget elementor-widget-text-editor\" data-id=\"1b8f3f7\" data-element_type=\"widget\" data-e-type=\"widget\" data-widget_type=\"text-editor.default\">\n\t\t\t\t<div class=\"elementor-widget-container\">\n\t\t\t\t\t\t\t\t\t<p><strong>Ziraat Bankas\u0131<\/strong><br \/>ZONGULDAK \u015eube No:501<br \/>Hesap Sahibi: Kuantum Siber G\u00fcvenlik, Yaz\u0131l\u0131m, \u0130nternet, Bili\u015fim Sistemleri ve Dan\u0131\u015fmanl\u0131k Hiz. San.Tic.A.\u015e.<br \/>Hesap Kur Tipi: TL<br \/>Hesap No.: 131-89178722-5001<br \/>IBAN Numaras\u0131: TR340001000131891787225001<\/p>\t\t\t\t\t\t\t\t<\/div>\n\t\t\t\t<\/div>\n\t\t\t\t\t<\/div>\n\t\t<\/div>\n\t\t\t\t\t<\/div>\n\t\t<\/section>\n\t\t\t\t<section class=\"elementor-section elementor-inner-section elementor-element elementor-element-d8b0488 elementor-section-boxed elementor-section-height-default elementor-section-height-default\" data-id=\"d8b0488\" data-element_type=\"section\" data-e-type=\"section\">\n\t\t\t\t\t\t<div class=\"elementor-container elementor-column-gap-default\">\n\t\t\t\t\t<div class=\"elementor-column elementor-col-100 elementor-inner-column elementor-element elementor-element-c449227\" data-id=\"c449227\" data-element_type=\"column\" data-e-type=\"column\">\n\t\t\t<div class=\"elementor-widget-wrap elementor-element-populated\">\n\t\t\t\t\t\t<div class=\"elementor-element elementor-element-98e1e10 elementor-widget elementor-widget-image\" data-id=\"98e1e10\" data-element_type=\"widget\" data-e-type=\"widget\" data-widget_type=\"image.default\">\n\t\t\t\t<div class=\"elementor-widget-container\">\n\t\t\t\t\t\t\t\t\t\t\t\t\t\t\t<img decoding=\"async\" width=\"300\" height=\"36\" src=\"https:\/\/kidswall.com.tr\/wp-content\/uploads\/2022\/12\/2560px-Vakifbank_logo.svg_-300x36.png\" class=\"attachment-medium size-medium wp-image-1863\" alt=\"\" srcset=\"https:\/\/kidswall.com.tr\/wp-content\/uploads\/2022\/12\/2560px-Vakifbank_logo.svg_-300x36.png 300w, https:\/\/kidswall.com.tr\/wp-content\/uploads\/2022\/12\/2560px-Vakifbank_logo.svg_-1024x124.png 1024w, https:\/\/kidswall.com.tr\/wp-content\/uploads\/2022\/12\/2560px-Vakifbank_logo.svg_-768x93.png 768w, https:\/\/kidswall.com.tr\/wp-content\/uploads\/2022\/12\/2560px-Vakifbank_logo.svg_-1536x186.png 1536w, https:\/\/kidswall.com.tr\/wp-content\/uploads\/2022\/12\/2560px-Vakifbank_logo.svg_-2048x248.png 2048w, https:\/\/kidswall.com.tr\/wp-content\/uploads\/2022\/12\/2560px-Vakifbank_logo.svg_-18x2.png 18w\" sizes=\"(max-width: 300px) 100vw, 300px\" \/>\t\t\t\t\t\t\t\t\t\t\t\t\t\t\t<\/div>\n\t\t\t\t<\/div>\n\t\t\t\t<div class=\"elementor-element elementor-element-09f7c2a elementor-widget elementor-widget-text-editor\" data-id=\"09f7c2a\" data-element_type=\"widget\" data-e-type=\"widget\" data-widget_type=\"text-editor.default\">\n\t\t\t\t<div class=\"elementor-widget-container\">\n\t\t\t\t\t\t\t\t\t<p><strong>Vak\u0131f Bankas\u0131<\/strong><br \/>ZONGULDAK \u015eube No:S00036<br \/>Hesap Sahibi: Kuantum Siber G\u00fcvenlik, Yaz\u0131l\u0131m, \u0130nternet, Bili\u015fim Sistemleri ve Dan\u0131\u015fmanl\u0131k Hiz. San.Tic.A.\u015e.<br \/>Hesap Kur Tipi: TL<br \/>Hesap No.: 00158007316476527<br \/>IBAN Numaras\u0131: TR180001500158007316476527<\/p>\t\t\t\t\t\t\t\t<\/div>\n\t\t\t\t<\/div>\n\t\t\t\t\t<\/div>\n\t\t<\/div>\n\t\t\t\t\t<\/div>\n\t\t<\/section>\n\t\t\t\t<section class=\"elementor-section elementor-inner-section elementor-element elementor-element-543b1c0 elementor-section-boxed elementor-section-height-default elementor-section-height-default\" data-id=\"543b1c0\" data-element_type=\"section\" data-e-type=\"section\">\n\t\t\t\t\t\t<div class=\"elementor-container elementor-column-gap-default\">\n\t\t\t\t\t<div class=\"elementor-column elementor-col-100 elementor-inner-column elementor-element elementor-element-fe7d903\" data-id=\"fe7d903\" data-element_type=\"column\" data-e-type=\"column\">\n\t\t\t<div class=\"elementor-widget-wrap elementor-element-populated\">\n\t\t\t\t\t\t<div class=\"elementor-element elementor-element-16836b7 elementor-widget elementor-widget-image\" data-id=\"16836b7\" data-element_type=\"widget\" data-e-type=\"widget\" data-widget_type=\"image.default\">\n\t\t\t\t<div class=\"elementor-widget-container\">\n\t\t\t\t\t\t\t\t\t\t\t\t\t\t\t<img decoding=\"async\" src=\"https:\/\/kidswall.com.tr\/wp-content\/uploads\/elementor\/thumbs\/kredi-karti-pykl98xj729ulj4rpolcy095beyp73naieu627a4fo.jpg\" title=\"kredi-kart\u0131\" alt=\"kredi-kart\u0131\" loading=\"lazy\" \/>\t\t\t\t\t\t\t\t\t\t\t\t\t\t\t<\/div>\n\t\t\t\t<\/div>\n\t\t\t\t<div class=\"elementor-element elementor-element-64963b1 elementor-widget elementor-widget-text-editor\" data-id=\"64963b1\" data-element_type=\"widget\" data-e-type=\"widget\" data-widget_type=\"text-editor.default\">\n\t\t\t\t<div class=\"elementor-widget-container\">\n\t\t\t\t\t\t\t\t\t<div>\u00a0<\/div><div><strong>Kredi Kart\u0131 Bilgileri :<\/strong><\/div><div>Sitemizde t\u00fcm kredi kartlar\u0131 ile al\u0131\u015fveri\u015f yapabilirsiniz . Taksitli al\u0131\u015fveri\u015flerinizde eklenen komisyon oranlar\u0131n\u0131 \u00f6deme esnas\u0131nda g\u00f6rebilirsiniz .<\/div><p>\u00a0<\/p>\t\t\t\t\t\t\t\t<\/div>\n\t\t\t\t<\/div>\n\t\t\t\t\t<\/div>\n\t\t<\/div>\n\t\t\t\t\t<\/div>\n\t\t<\/section>\n\t\t\t\t<div class=\"elementor-element elementor-element-7da3623 elementor-widget elementor-widget-text-editor\" data-id=\"7da3623\" data-element_type=\"widget\" data-e-type=\"widget\" data-widget_type=\"text-editor.default\">\n\t\t\t\t<div class=\"elementor-widget-container\">\n\t\t\t\t\t\t\t\t\t<div>\u00dcr\u00fcnlerimiz hakk\u0131nda bilgi almak yada sipari\u015f vermek i\u00e7in M\u00fc\u015fteri Hizmetlerimizi arayabilirsiniz.<br \/>Tel: +90 (850) 259 30 02<\/div><p>\u00a0<\/p>\t\t\t\t\t\t\t\t<\/div>\n\t\t\t\t<\/div>\n\t\t\t\t\t<\/div>\n\t\t<\/div>\n\t\t\t\t\t<\/div>\n\t\t<\/section>\n\t\t\t\t<\/div>","protected":false},"excerpt":{"rendered":"<p>Havale\/EFT &#8211; Banka Hesap Bilgilerimiz Ziraat Bankas\u0131ZONGULDAK \u015eube No:501Hesap Sahibi: Kuantum Siber G\u00fcvenlik, Yaz\u0131l\u0131m, \u0130nternet, Bili\u015fim Sistemleri ve Dan\u0131\u015fmanl\u0131k Hiz. San.Tic.A.\u015e.Hesap Kur Tipi: TLHesap No.: 131-89178722-5001IBAN Numaras\u0131: TR340001000131891787225001 Vak\u0131f Bankas\u0131ZONGULDAK \u015eube No:S00036Hesap Sahibi: Kuantum Siber G\u00fcvenlik, Yaz\u0131l\u0131m, \u0130nternet, Bili\u015fim Sistemleri ve Dan\u0131\u015fmanl\u0131k Hiz. San.Tic.A.\u015e.Hesap Kur Tipi: TLHesap No.: 00158007316476527IBAN Numaras\u0131: TR180001500158007316476527 \u00a0Kredi Kart\u0131 Bilgileri :Sitemizde [&hellip;]<\/p>\n","protected":false},"author":1,"featured_media":0,"parent":0,"menu_order":0,"comment_status":"closed","ping_status":"closed","template":"","meta":{"ocean_post_layout":"","ocean_both_sidebars_style":"","ocean_both_sidebars_content_width":0,"ocean_both_sidebars_sidebars_width":0,"ocean_sidebar":"0","ocean_second_sidebar":"0","ocean_disable_margins":"enable","ocean_add_body_class":"","ocean_shortcode_before_top_bar":"","ocean_shortcode_after_top_bar":"","ocean_shortcode_before_header":"","ocean_shortcode_after_header":"","ocean_has_shortcode":"","ocean_shortcode_after_title":"","ocean_shortcode_before_footer_widgets":"","ocean_shortcode_after_footer_widgets":"","ocean_shortcode_before_footer_bottom":"","ocean_shortcode_after_footer_bottom":"","ocean_display_top_bar":"default","ocean_display_header":"default","ocean_header_style":"","ocean_center_header_left_menu":"0","ocean_custom_header_template":"0","ocean_custom_logo":0,"ocean_custom_retina_logo":0,"ocean_custom_logo_max_width":0,"ocean_custom_logo_tablet_max_width":0,"ocean_custom_logo_mobile_max_width":0,"ocean_custom_logo_max_height":0,"ocean_custom_logo_tablet_max_height":0,"ocean_custom_logo_mobile_max_height":0,"ocean_header_custom_menu":"0","ocean_menu_typo_font_family":"0","ocean_menu_typo_font_subset":"","ocean_menu_typo_font_size":0,"ocean_menu_typo_font_size_tablet":0,"ocean_menu_typo_font_size_mobile":0,"ocean_menu_typo_font_size_unit":"px","ocean_menu_typo_font_weight":"","ocean_menu_typo_font_weight_tablet":"","ocean_menu_typo_font_weight_mobile":"","ocean_menu_typo_transform":"","ocean_menu_typo_transform_tablet":"","ocean_menu_typo_transform_mobile":"","ocean_menu_typo_line_height":0,"ocean_menu_typo_line_height_tablet":0,"ocean_menu_typo_line_height_mobile":0,"ocean_menu_typo_line_height_unit":"","ocean_menu_typo_spacing":0,"ocean_menu_typo_spacing_tablet":0,"ocean_menu_typo_spacing_mobile":0,"ocean_menu_typo_spacing_unit":"","ocean_menu_link_color":"","ocean_menu_link_color_hover":"","ocean_menu_link_color_active":"","ocean_menu_link_background":"","ocean_menu_link_hover_background":"","ocean_menu_link_active_background":"","ocean_menu_social_links_bg":"","ocean_menu_social_hover_links_bg":"","ocean_menu_social_links_color":"","ocean_menu_social_hover_links_color":"","ocean_disable_title":"default","ocean_disable_heading":"default","ocean_post_title":"","ocean_post_subheading":"","ocean_post_title_style":"","ocean_post_title_background_color":"","ocean_post_title_background":0,"ocean_post_title_bg_image_position":"","ocean_post_title_bg_image_attachment":"","ocean_post_title_bg_image_repeat":"","ocean_post_title_bg_image_size":"","ocean_post_title_height":0,"ocean_post_title_bg_overlay":0.5,"ocean_post_title_bg_overlay_color":"","ocean_disable_breadcrumbs":"default","ocean_breadcrumbs_color":"","ocean_breadcrumbs_separator_color":"","ocean_breadcrumbs_links_color":"","ocean_breadcrumbs_links_hover_color":"","ocean_display_footer_widgets":"default","ocean_display_footer_bottom":"default","ocean_custom_footer_template":"0","_themeisle_gutenberg_block_has_review":false,"footnotes":""},"class_list":["post-1809","page","type-page","status-publish","hentry","entry","owp-thumbs-layout-horizontal","owp-btn-normal","owp-tabs-layout-horizontal","has-no-thumbnails"],"yoast_head":"<!-- This site is optimized with the Yoast SEO plugin v27.4 - https:\/\/yoast.com\/product\/yoast-seo-wordpress\/ -->\n<title>Havale Hesap Bilgileri - Kidswall<\/title>\n<meta name=\"robots\" content=\"index, follow, max-snippet:-1, max-image-preview:large, max-video-preview:-1\" \/>\n<link rel=\"canonical\" href=\"https:\/\/kidswall.com.tr\/en\/havale-hesap-bilgileri\/\" \/>\n<meta property=\"og:locale\" content=\"en_US\" \/>\n<meta property=\"og:type\" content=\"article\" \/>\n<meta property=\"og:title\" content=\"Havale Hesap Bilgileri - Kidswall\" \/>\n<meta property=\"og:description\" content=\"Havale\/EFT &#8211; Banka Hesap Bilgilerimiz Ziraat Bankas\u0131ZONGULDAK \u015eube No:501Hesap Sahibi: Kuantum Siber G\u00fcvenlik, Yaz\u0131l\u0131m, \u0130nternet, Bili\u015fim Sistemleri ve Dan\u0131\u015fmanl\u0131k Hiz. San.Tic.A.\u015e.Hesap Kur Tipi: TLHesap No.: 131-89178722-5001IBAN Numaras\u0131: TR340001000131891787225001 Vak\u0131f Bankas\u0131ZONGULDAK \u015eube No:S00036Hesap Sahibi: Kuantum Siber G\u00fcvenlik, Yaz\u0131l\u0131m, \u0130nternet, Bili\u015fim Sistemleri ve Dan\u0131\u015fmanl\u0131k Hiz. San.Tic.A.\u015e.Hesap Kur Tipi: TLHesap No.: 00158007316476527IBAN Numaras\u0131: TR180001500158007316476527 \u00a0Kredi Kart\u0131 Bilgileri :Sitemizde [&hellip;]\" \/>\n<meta property=\"og:url\" content=\"https:\/\/kidswall.com.tr\/en\/havale-hesap-bilgileri\/\" \/>\n<meta property=\"og:site_name\" content=\"Kidswall\" \/>\n<meta property=\"article:modified_time\" content=\"2022-12-02T13:12:21+00:00\" \/>\n<meta property=\"og:image\" content=\"https:\/\/kidswall.com.tr\/wp-content\/uploads\/2022\/12\/Ziraat_Bankasi-300x63.png\" \/>\n<meta name=\"twitter:card\" content=\"summary_large_image\" \/>\n<meta name=\"twitter:label1\" content=\"Est. reading time\" \/>\n\t<meta name=\"twitter:data1\" content=\"2 minutes\" \/>\n<script type=\"application\/ld+json\" class=\"yoast-schema-graph\">{\"@context\":\"https:\\\/\\\/schema.org\",\"@graph\":[{\"@type\":\"WebPage\",\"@id\":\"https:\\\/\\\/kidswall.com.tr\\\/havale-hesap-bilgileri\\\/\",\"url\":\"https:\\\/\\\/kidswall.com.tr\\\/havale-hesap-bilgileri\\\/\",\"name\":\"Havale Hesap Bilgileri - Kidswall\",\"isPartOf\":{\"@id\":\"https:\\\/\\\/kidswall.com.tr\\\/#website\"},\"primaryImageOfPage\":{\"@id\":\"https:\\\/\\\/kidswall.com.tr\\\/havale-hesap-bilgileri\\\/#primaryimage\"},\"image\":{\"@id\":\"https:\\\/\\\/kidswall.com.tr\\\/havale-hesap-bilgileri\\\/#primaryimage\"},\"thumbnailUrl\":\"https:\\\/\\\/kidswall.com.tr\\\/wp-content\\\/uploads\\\/2022\\\/12\\\/Ziraat_Bankasi-300x63.png\",\"datePublished\":\"2022-12-02T09:50:23+00:00\",\"dateModified\":\"2022-12-02T13:12:21+00:00\",\"breadcrumb\":{\"@id\":\"https:\\\/\\\/kidswall.com.tr\\\/havale-hesap-bilgileri\\\/#breadcrumb\"},\"inLanguage\":\"en-US\",\"potentialAction\":[{\"@type\":\"ReadAction\",\"target\":[\"https:\\\/\\\/kidswall.com.tr\\\/havale-hesap-bilgileri\\\/\"]}]},{\"@type\":\"ImageObject\",\"inLanguage\":\"en-US\",\"@id\":\"https:\\\/\\\/kidswall.com.tr\\\/havale-hesap-bilgileri\\\/#primaryimage\",\"url\":\"https:\\\/\\\/kidswall.com.tr\\\/wp-content\\\/uploads\\\/2022\\\/12\\\/Ziraat_Bankasi-300x63.png\",\"contentUrl\":\"https:\\\/\\\/kidswall.com.tr\\\/wp-content\\\/uploads\\\/2022\\\/12\\\/Ziraat_Bankasi-300x63.png\"},{\"@type\":\"BreadcrumbList\",\"@id\":\"https:\\\/\\\/kidswall.com.tr\\\/havale-hesap-bilgileri\\\/#breadcrumb\",\"itemListElement\":[{\"@type\":\"ListItem\",\"position\":1,\"name\":\"Anasayfa\",\"item\":\"https:\\\/\\\/kidswall.com.tr\\\/\"},{\"@type\":\"ListItem\",\"position\":2,\"name\":\"Havale Hesap Bilgileri\"}]},{\"@type\":\"WebSite\",\"@id\":\"https:\\\/\\\/kidswall.com.tr\\\/#website\",\"url\":\"https:\\\/\\\/kidswall.com.tr\\\/\",\"name\":\"Kidswall\",\"description\":\"G&uuml;vensiz D&uuml;nyada G&uuml;vende Kal\",\"publisher\":{\"@id\":\"https:\\\/\\\/kidswall.com.tr\\\/#organization\"},\"potentialAction\":[{\"@type\":\"SearchAction\",\"target\":{\"@type\":\"EntryPoint\",\"urlTemplate\":\"https:\\\/\\\/kidswall.com.tr\\\/?s={search_term_string}\"},\"query-input\":{\"@type\":\"PropertyValueSpecification\",\"valueRequired\":true,\"valueName\":\"search_term_string\"}}],\"inLanguage\":\"en-US\"},{\"@type\":\"Organization\",\"@id\":\"https:\\\/\\\/kidswall.com.tr\\\/#organization\",\"name\":\"Kidswall\",\"url\":\"https:\\\/\\\/kidswall.com.tr\\\/\",\"logo\":{\"@type\":\"ImageObject\",\"inLanguage\":\"en-US\",\"@id\":\"https:\\\/\\\/kidswall.com.tr\\\/#\\\/schema\\\/logo\\\/image\\\/\",\"url\":\"https:\\\/\\\/kidswall.com.tr\\\/wp-content\\\/uploads\\\/2021\\\/10\\\/kidswall.png\",\"contentUrl\":\"https:\\\/\\\/kidswall.com.tr\\\/wp-content\\\/uploads\\\/2021\\\/10\\\/kidswall.png\",\"width\":713,\"height\":156,\"caption\":\"Kidswall\"},\"image\":{\"@id\":\"https:\\\/\\\/kidswall.com.tr\\\/#\\\/schema\\\/logo\\\/image\\\/\"}}]}<\/script>\n<!-- \/ Yoast SEO plugin. -->","yoast_head_json":{"title":"Havale Hesap Bilgileri - Kidswall","robots":{"index":"index","follow":"follow","max-snippet":"max-snippet:-1","max-image-preview":"max-image-preview:large","max-video-preview":"max-video-preview:-1"},"canonical":"https:\/\/kidswall.com.tr\/en\/havale-hesap-bilgileri\/","og_locale":"en_US","og_type":"article","og_title":"Havale Hesap Bilgileri - Kidswall","og_description":"Havale\/EFT &#8211; Banka Hesap Bilgilerimiz Ziraat Bankas\u0131ZONGULDAK \u015eube No:501Hesap Sahibi: Kuantum Siber G\u00fcvenlik, Yaz\u0131l\u0131m, \u0130nternet, Bili\u015fim Sistemleri ve Dan\u0131\u015fmanl\u0131k Hiz. San.Tic.A.\u015e.Hesap Kur Tipi: TLHesap No.: 131-89178722-5001IBAN Numaras\u0131: TR340001000131891787225001 Vak\u0131f Bankas\u0131ZONGULDAK \u015eube No:S00036Hesap Sahibi: Kuantum Siber G\u00fcvenlik, Yaz\u0131l\u0131m, \u0130nternet, Bili\u015fim Sistemleri ve Dan\u0131\u015fmanl\u0131k Hiz. San.Tic.A.\u015e.Hesap Kur Tipi: TLHesap No.: 00158007316476527IBAN Numaras\u0131: TR180001500158007316476527 \u00a0Kredi Kart\u0131 Bilgileri :Sitemizde [&hellip;]","og_url":"https:\/\/kidswall.com.tr\/en\/havale-hesap-bilgileri\/","og_site_name":"Kidswall","article_modified_time":"2022-12-02T13:12:21+00:00","og_image":[{"url":"https:\/\/kidswall.com.tr\/wp-content\/uploads\/2022\/12\/Ziraat_Bankasi-300x63.png","type":"","width":"","height":""}],"twitter_card":"summary_large_image","twitter_misc":{"Est. reading time":"2 minutes"},"schema":{"@context":"https:\/\/schema.org","@graph":[{"@type":"WebPage","@id":"https:\/\/kidswall.com.tr\/havale-hesap-bilgileri\/","url":"https:\/\/kidswall.com.tr\/havale-hesap-bilgileri\/","name":"Havale Hesap Bilgileri - Kidswall","isPartOf":{"@id":"https:\/\/kidswall.com.tr\/#website"},"primaryImageOfPage":{"@id":"https:\/\/kidswall.com.tr\/havale-hesap-bilgileri\/#primaryimage"},"image":{"@id":"https:\/\/kidswall.com.tr\/havale-hesap-bilgileri\/#primaryimage"},"thumbnailUrl":"https:\/\/kidswall.com.tr\/wp-content\/uploads\/2022\/12\/Ziraat_Bankasi-300x63.png","datePublished":"2022-12-02T09:50:23+00:00","dateModified":"2022-12-02T13:12:21+00:00","breadcrumb":{"@id":"https:\/\/kidswall.com.tr\/havale-hesap-bilgileri\/#breadcrumb"},"inLanguage":"en-US","potentialAction":[{"@type":"ReadAction","target":["https:\/\/kidswall.com.tr\/havale-hesap-bilgileri\/"]}]},{"@type":"ImageObject","inLanguage":"en-US","@id":"https:\/\/kidswall.com.tr\/havale-hesap-bilgileri\/#primaryimage","url":"https:\/\/kidswall.com.tr\/wp-content\/uploads\/2022\/12\/Ziraat_Bankasi-300x63.png","contentUrl":"https:\/\/kidswall.com.tr\/wp-content\/uploads\/2022\/12\/Ziraat_Bankasi-300x63.png"},{"@type":"BreadcrumbList","@id":"https:\/\/kidswall.com.tr\/havale-hesap-bilgileri\/#breadcrumb","itemListElement":[{"@type":"ListItem","position":1,"name":"Anasayfa","item":"https:\/\/kidswall.com.tr\/"},{"@type":"ListItem","position":2,"name":"Havale Hesap Bilgileri"}]},{"@type":"WebSite","@id":"https:\/\/kidswall.com.tr\/#website","url":"https:\/\/kidswall.com.tr\/","name":"Kidswall","description":"G&uuml;vensiz D&uuml;nyada G&uuml;vende Kal","publisher":{"@id":"https:\/\/kidswall.com.tr\/#organization"},"potentialAction":[{"@type":"SearchAction","target":{"@type":"EntryPoint","urlTemplate":"https:\/\/kidswall.com.tr\/?s={search_term_string}"},"query-input":{"@type":"PropertyValueSpecification","valueRequired":true,"valueName":"search_term_string"}}],"inLanguage":"en-US"},{"@type":"Organization","@id":"https:\/\/kidswall.com.tr\/#organization","name":"Kidswall","url":"https:\/\/kidswall.com.tr\/","logo":{"@type":"ImageObject","inLanguage":"en-US","@id":"https:\/\/kidswall.com.tr\/#\/schema\/logo\/image\/","url":"https:\/\/kidswall.com.tr\/wp-content\/uploads\/2021\/10\/kidswall.png","contentUrl":"https:\/\/kidswall.com.tr\/wp-content\/uploads\/2021\/10\/kidswall.png","width":713,"height":156,"caption":"Kidswall"},"image":{"@id":"https:\/\/kidswall.com.tr\/#\/schema\/logo\/image\/"}}]}},"_links":{"self":[{"href":"https:\/\/kidswall.com.tr\/en\/wp-json\/wp\/v2\/pages\/1809","targetHints":{"allow":["GET"]}}],"collection":[{"href":"https:\/\/kidswall.com.tr\/en\/wp-json\/wp\/v2\/pages"}],"about":[{"href":"https:\/\/kidswall.com.tr\/en\/wp-json\/wp\/v2\/types\/page"}],"author":[{"embeddable":true,"href":"https:\/\/kidswall.com.tr\/en\/wp-json\/wp\/v2\/users\/1"}],"replies":[{"embeddable":true,"href":"https:\/\/kidswall.com.tr\/en\/wp-json\/wp\/v2\/comments?post=1809"}],"version-history":[{"count":14,"href":"https:\/\/kidswall.com.tr\/en\/wp-json\/wp\/v2\/pages\/1809\/revisions"}],"predecessor-version":[{"id":1872,"href":"https:\/\/kidswall.com.tr\/en\/wp-json\/wp\/v2\/pages\/1809\/revisions\/1872"}],"wp:attachment":[{"href":"https:\/\/kidswall.com.tr\/en\/wp-json\/wp\/v2\/media?parent=1809"}],"curies":[{"name":"wp","href":"https:\/\/api.w.org\/{rel}","templated":true}]}}